{"id":9784,"date":"2024-03-26T22:04:51","date_gmt":"2024-03-26T15:04:51","guid":{"rendered":"https:\/\/fairs.vn\/?post_type=product&#038;p=9784"},"modified":"2024-04-08T17:13:25","modified_gmt":"2024-04-08T10:13:25","slug":"banh-trang-re-nhu-y","status":"publish","type":"product","link":"https:\/\/fairs.vn\/en\/product\/banh-trang-re-nhu-y\/","title":{"rendered":"B\u00e1nh tr\u00e1ng r\u1ebf Nh\u01b0 \u00dd"},"content":{"rendered":"<p>B\u00e1nh Tr\u00e1ng R\u1ebf Cu\u1ed1n Ch\u1ea3 Gi\u00f2 Nh\u01b0 \u00dd G\u00f3i 10 L\u00e1<\/p>\n<p>B\u00e1nh tr\u00e1ng r\u1ebf Nh\u01b0 \u00dd v\u1edbi th\u00e0nh ph\u1ea7n: b\u1ed9t m\u00ec b\u1ed9t g\u1ea1o \u0111\u01b0\u1eddng mu\u1ed1i,..<\/p>\n<p>HSD: 6 th\u00e1ng H\u01b0\u1edbng d\u1eabn s\u1eed d\u1ee5ng: D\u00f9ng nh\u01b0 m\u00f3n khai v\u1ecb, d\u00f9ng chung b\u00fan, rau s\u1ed1ng, n\u01b0\u1edbc m\u1eafm pha\u2026.<\/p>\n<p>B\u1ea3o qu\u1ea3n trong bao k\u00edn l\u00e0 m\u1ed9t trong nh\u1eefng lo\u1ea1i \u0111a nem \u0111\u1ec3 g\u00f3i nem ngon nh\u1ea5t gi\u00f2n nh\u1ea5t th\u01a1m nh\u1ea5t..<\/p>","protected":false},"excerpt":{"rendered":"<p>B\u00e1nh Tr\u00e1ng R\u1ebf Cu\u1ed1n Ch\u1ea3 Gi\u00f2 Nh\u01b0 \u00dd G\u00f3i 10 L\u00e1 B\u00e1nh tr\u00e1ng r\u1ebf Nh\u01b0 \u00dd v\u1edbi th\u00e0nh ph\u1ea7n: b\u1ed9t<\/p>","protected":false},"featured_media":9785,"comment_status":"open","ping_status":"closed","template":"","meta":{"_acf_changed":false},"product_cat":[315,366,367,22,313],"product_tag":[],"class_list":{"0":"post-9784","1":"product","2":"type-product","3":"status-publish","4":"has-post-thumbnail","6":"product_cat-che-bien-tu-gao-ngu-coc","7":"product_cat-hang-cnnt-cap-qg","8":"product_cat-hang-cnnt-cap-qg-2023","9":"product_cat-sanphamthucpham","10":"product_cat-thuc-pham-che-bien","12":"first","13":"instock","14":"shipping-taxable","15":"product-type-simple"},"acf":[],"_links":{"self":[{"href":"https:\/\/fairs.vn\/en\/wp-json\/wp\/v2\/product\/9784","targetHints":{"allow":["GET"]}}],"collection":[{"href":"https:\/\/fairs.vn\/en\/wp-json\/wp\/v2\/product"}],"about":[{"href":"https:\/\/fairs.vn\/en\/wp-json\/wp\/v2\/types\/product"}],"replies":[{"embeddable":true,"href":"https:\/\/fairs.vn\/en\/wp-json\/wp\/v2\/comments?post=9784"}],"version-history":[{"count":0,"href":"https:\/\/fairs.vn\/en\/wp-json\/wp\/v2\/product\/9784\/revisions"}],"wp:featuredmedia":[{"embeddable":true,"href":"https:\/\/fairs.vn\/en\/wp-json\/wp\/v2\/media\/9785"}],"wp:attachment":[{"href":"https:\/\/fairs.vn\/en\/wp-json\/wp\/v2\/media?parent=9784"}],"wp:term":[{"taxonomy":"product_cat","embeddable":true,"href":"https:\/\/fairs.vn\/en\/wp-json\/wp\/v2\/product_cat?post=9784"},{"taxonomy":"product_tag","embeddable":true,"href":"https:\/\/fairs.vn\/en\/wp-json\/wp\/v2\/product_tag?post=9784"}],"curies":[{"name":"wp","href":"https:\/\/api.w.org\/{rel}","templated":true}]}}