{"id":7575,"date":"2024-03-22T15:02:22","date_gmt":"2024-03-22T08:02:22","guid":{"rendered":"https:\/\/fairs.vn\/?post_type=product&#038;p=7575"},"modified":"2024-04-19T11:08:30","modified_gmt":"2024-04-19T04:08:30","slug":"bot-tra-matcha","status":"publish","type":"product","link":"https:\/\/fairs.vn\/en\/product\/bot-tra-matcha\/","title":{"rendered":"B\u1ed9t Tr\u00e0 Matcha"},"content":{"rendered":"<table border=\"1\" width=\"652\" cellspacing=\"0\" cellpadding=\"0\" align=\"left\">\n<tbody>\n<tr>\n<td><strong>Th\u00e0nh ph\u1ea7n:<\/strong><\/p>\n<p>L\u00e1 v\u00e0 b\u00fap tr\u00e0 xanh 100%<\/p>\n<p><b>Tr\u1ecdng l\u01b0\u1ee3ng:<\/b>\u00a050g<\/p>\n<p><strong>C\u00f4ng d\u1ee5ng<\/strong>: Pha ch\u1ebf \u0111\u1ed3 u\u1ed1ng; tr\u1ed9n trong sinh t\u1ed1, s\u1eefa chua, c\u00f4ng th\u1ee9c l\u00e0m b\u00e1nh; l\u00e0m \u0111\u1eb9p\u2026<\/p>\n<p><strong>B\u1ea3o qu\u1ea3n:<\/strong><\/p>\n<p>B\u1ea3o qu\u1ea3n n\u01a1i kh\u00f4 r\u00e1o, tho\u00e1ng m\u00e1t, tr\u00e1nh \u00e1nh n\u1eafng tr\u1ef1c ti\u1ebfp.<\/p>\n<p>\u0110\u00f3ng k\u00edn t\u00fai zip sau khi m\u1edf<\/td>\n<\/tr>\n<tr>\n<td><strong>HDSD:<\/strong>\u00a0Cho \u00bd th\u00eca cafe\u00a0b\u1ed9t\u00a0tr\u00e0 v\u00e0o c\u1ed1c\u00a0n\u01b0\u1edbc\u00a0\u1ea5m, khu\u1ea5y \u0111\u1ec1u; c\u00f3 th\u1ec3 cho th\u00eam s\u1eefa, m\u1eadt ong, n\u01b0\u1edbc tr\u00e1i c\u00e2y t\u00f9y theo kh\u1ea9u v\u1ecb. Ngon h\u01a1n khi u\u1ed1ng l\u1ea1nh.<\/td>\n<\/tr>\n<\/tbody>\n<\/table>\n<p>&nbsp;<\/p>\n<p>&nbsp;<\/p>\n<p>&nbsp;<\/p>\n<p>&nbsp;<\/p>\n<p>&nbsp;<\/p>\n<p>&nbsp;<\/p>\n<p>&nbsp;<\/p>\n<p>&nbsp;<\/p>\n<p>&nbsp;<\/p>\n<p>\u0110\u1eb7t h\u00e0ng li\u00ean h\u1ec7 qua hotline: 0982 124 014<\/p>","protected":false},"excerpt":{"rendered":"<p>Th\u00e0nh ph\u1ea7n: L\u00e1 v\u00e0 b\u00fap tr\u00e0 xanh 100% Tr\u1ecdng l\u01b0\u1ee3ng:\u00a050g C\u00f4ng d\u1ee5ng: Pha ch\u1ebf \u0111\u1ed3 u\u1ed1ng; tr\u1ed9n trong sinh t\u1ed1,<\/p>","protected":false},"featured_media":7576,"comment_status":"open","ping_status":"closed","template":"","meta":{"_acf_changed":false},"product_cat":[325,329,331,366,367],"product_tag":[],"class_list":{"0":"post-7575","1":"product","2":"type-product","3":"status-publish","4":"has-post-thumbnail","6":"product_cat-san-pham-do-uong","7":"product_cat-do-uong-khong-con","8":"product_cat-do-uong-khong-con-do-uong-khong-con","9":"product_cat-hang-cnnt-cap-qg","10":"product_cat-hang-cnnt-cap-qg-2023","12":"first","13":"instock","14":"shipping-taxable","15":"product-type-simple"},"acf":[],"_links":{"self":[{"href":"https:\/\/fairs.vn\/en\/wp-json\/wp\/v2\/product\/7575","targetHints":{"allow":["GET"]}}],"collection":[{"href":"https:\/\/fairs.vn\/en\/wp-json\/wp\/v2\/product"}],"about":[{"href":"https:\/\/fairs.vn\/en\/wp-json\/wp\/v2\/types\/product"}],"replies":[{"embeddable":true,"href":"https:\/\/fairs.vn\/en\/wp-json\/wp\/v2\/comments?post=7575"}],"version-history":[{"count":0,"href":"https:\/\/fairs.vn\/en\/wp-json\/wp\/v2\/product\/7575\/revisions"}],"wp:featuredmedia":[{"embeddable":true,"href":"https:\/\/fairs.vn\/en\/wp-json\/wp\/v2\/media\/7576"}],"wp:attachment":[{"href":"https:\/\/fairs.vn\/en\/wp-json\/wp\/v2\/media?parent=7575"}],"wp:term":[{"taxonomy":"product_cat","embeddable":true,"href":"https:\/\/fairs.vn\/en\/wp-json\/wp\/v2\/product_cat?post=7575"},{"taxonomy":"product_tag","embeddable":true,"href":"https:\/\/fairs.vn\/en\/wp-json\/wp\/v2\/product_tag?post=7575"}],"curies":[{"name":"wp","href":"https:\/\/api.w.org\/{rel}","templated":true}]}}