{"id":2896,"date":"2024-03-19T08:16:42","date_gmt":"2024-03-19T08:16:42","guid":{"rendered":"https:\/\/fairs.vn\/?post_type=product&#038;p=2896"},"modified":"2024-03-19T08:16:42","modified_gmt":"2024-03-19T08:16:42","slug":"dau-ha-lan","status":"publish","type":"product","link":"https:\/\/fairs.vn\/en\/product\/dau-ha-lan\/","title":{"rendered":"\u0110\u1eadu H\u00e0 Lan"},"content":{"rendered":"<p>\u0110\u1eadu H\u00e0 Lan l\u00e0 m\u1ed9t lo\u1ea1i th\u1ef1c ph\u1ea9m r\u1ea5t gi\u00e0u ch\u1ea5t dinh d\u01b0\u1ee1ng v\u00e0 gi\u00fap ng\u0103n ng\u1eeba nhi\u1ec1u lo\u1ea1i b\u1ec7nh.\u00a0\u0110\u1eadu h\u00e0 lan gi\u00e0u d\u01b0\u1ee1ng ch\u1ea5t t\u1ed1t cho s\u1ee9c kh\u1ecfe, gi\u00fap tr\u00e1nh kh\u1ecfi c\u00e1c cholesterol x\u1ea5u, ch\u1eefa tr\u1ecb b\u1ec7nh t\u00e1o b\u00f3n, ph\u00f2ng ng\u1eeba b\u1ec7nh tim, \u0111i\u1ec1u h\u00f2a l\u01b0\u1ee3ng \u0111\u01b0\u1eddng trong m\u00e1u,\u2026<\/p>\n<p>&nbsp;<\/p>\n<ul>\n<li>\u00a0Th\u00e0nh ph\u1ea7n: \u0111\u1eadu h\u00e0 lan, n\u01b0\u1edbc, mu\u1ed1i,\u2026 \u0111\u01b0\u1ee3c ch\u1ebf bi\u1ebfn s\u1eb5n s\u1ebd mang l\u1ea1i cho ng\u01b0\u1eddi d\u00f9ng m\u1ed9t th\u1ef1c ph\u1ea9m v\u1eeba ti\u1ec7n \u00edch cho vi\u1ec7c n\u1ea5u n\u01b0\u1edbng, v\u1eeba cung c\u1ea5p nhi\u1ec1u ch\u1ea5t dinh d\u01b0\u1ee1ng.<\/li>\n<li>\u00a0S\u1ea3n xu\u1ea5t theo c\u00f4ng ngh\u1ec7 hi\u1ec7n \u0111\u1ea1i, m\u1ecdi kh\u00e2u t\u1eeb tuy\u1ec3n ch\u1ecdn nguy\u00ean li\u1ec7u t\u1edbi ch\u1ebf bi\u1ebfn, \u0111\u00f3ng bao b\u00ec \u0111\u1ec1u di\u1ec5n ra kh\u00e9p k\u00edn d\u01b0\u1edbi s\u1ef1 gi\u00e1m s\u00e1t v\u00e0 ki\u1ec3m tra nghi\u00eam ng\u1eb7t.<\/li>\n<li>S\u1ea3n ph\u1ea9m kh\u00f4ng ch\u1ee9a h\u00f3a ch\u1ea5t, ch\u1ea5t b\u1ea3o qu\u1ea3n \u0111\u1ed9c h\u1ea1i, \u0111\u1ea3m b\u1ea3o an to\u00e0n cho s\u1ee9c kh\u1ecfe ng\u01b0\u1eddi ti\u00eau d\u00f9ng.S\u1ea3n ph\u1ea9m c\u00f3 h\u01b0\u01a1ng v\u1ecb th\u01a1m ngon c\u1ee7a nh\u1eefng nguy\u00ean li\u1ec7u t\u1ef1 nhi\u00ean \u0111\u01b0\u1ee3c ch\u1ecdn l\u1ecdc k\u1ef9 c\u00e0ng.<\/li>\n<li>\u0110\u01b0\u1ee3c \u0111\u00f3ng g\u00f3i ti\u1ec7n d\u1ee5ng cho b\u1ea1n s\u1eed d\u1ee5ng c\u0169ng nh\u01b0 b\u1ea3o qu\u1ea3n, v\u1ecf \u0111\u1ef1ng s\u1ea3n ph\u1ea9m l\u00e0m t\u1eeb nguy\u00ean li\u1ec7u s\u1ea1ch, kh\u00f4ng l\u1eabn t\u1ea1p ch\u1ea5t h\u00f3a h\u1ecdc \u0111\u1ed9c h\u1ea1i.<\/li>\n<\/ul>","protected":false},"excerpt":{"rendered":"<p>\u0110\u1eadu H\u00e0 Lan l\u00e0 m\u1ed9t lo\u1ea1i th\u1ef1c ph\u1ea9m r\u1ea5t gi\u00e0u ch\u1ea5t dinh d\u01b0\u1ee1ng v\u00e0 gi\u00fap ng\u0103n ng\u1eeba nhi\u1ec1u lo\u1ea1i b\u1ec7nh.\u00a0\u0110\u1eadu<\/p>","protected":false},"featured_media":2875,"comment_status":"open","ping_status":"closed","template":"","meta":{"_acf_changed":false},"product_cat":[22],"product_tag":[],"class_list":{"0":"post-2896","1":"product","2":"type-product","3":"status-publish","4":"has-post-thumbnail","6":"product_cat-sanphamthucpham","8":"first","9":"instock","10":"shipping-taxable","11":"product-type-simple"},"acf":[],"_links":{"self":[{"href":"https:\/\/fairs.vn\/en\/wp-json\/wp\/v2\/product\/2896","targetHints":{"allow":["GET"]}}],"collection":[{"href":"https:\/\/fairs.vn\/en\/wp-json\/wp\/v2\/product"}],"about":[{"href":"https:\/\/fairs.vn\/en\/wp-json\/wp\/v2\/types\/product"}],"replies":[{"embeddable":true,"href":"https:\/\/fairs.vn\/en\/wp-json\/wp\/v2\/comments?post=2896"}],"version-history":[{"count":0,"href":"https:\/\/fairs.vn\/en\/wp-json\/wp\/v2\/product\/2896\/revisions"}],"wp:featuredmedia":[{"embeddable":true,"href":"https:\/\/fairs.vn\/en\/wp-json\/wp\/v2\/media\/2875"}],"wp:attachment":[{"href":"https:\/\/fairs.vn\/en\/wp-json\/wp\/v2\/media?parent=2896"}],"wp:term":[{"taxonomy":"product_cat","embeddable":true,"href":"https:\/\/fairs.vn\/en\/wp-json\/wp\/v2\/product_cat?post=2896"},{"taxonomy":"product_tag","embeddable":true,"href":"https:\/\/fairs.vn\/en\/wp-json\/wp\/v2\/product_tag?post=2896"}],"curies":[{"name":"wp","href":"https:\/\/api.w.org\/{rel}","templated":true}]}}