{"id":2826,"date":"2024-03-19T08:10:13","date_gmt":"2024-03-19T08:10:13","guid":{"rendered":"https:\/\/fairs.vn\/?post_type=product&#038;p=2826"},"modified":"2024-04-04T16:53:14","modified_gmt":"2024-04-04T09:53:14","slug":"thuc-pham-bao-ve-suc-khoe-bka-cumin-xuong-khop","status":"publish","type":"product","link":"https:\/\/fairs.vn\/en\/product\/thuc-pham-bao-ve-suc-khoe-bka-cumin-xuong-khop\/","title":{"rendered":"Th\u1ef1c ph\u1ea9m b\u1ea3o v\u1ec7 s\u1ee9c kh\u1ecfe BKA-Cumin X\u01b0\u01a1ng kh\u1edbp"},"content":{"rendered":"<p>\u0110au nh\u1ee9c x\u01b0\u01a1ng kh\u1edbp kh\u00f4ng ch\u1ec9 l\u00e0 n\u1ed7i lo c\u1ee7a ng\u01b0\u1eddi l\u1edbn tu\u1ed5i m\u00e0 c\u00f2n d\u1ec5 g\u1eb7p ph\u1ea3i \u1edf nh\u1eefng ng\u01b0\u1eddi tr\u1ebb tu\u1ed5i hi\u1ec7n nay do t\u00ednh ch\u1ea5t c\u00f4ng vi\u1ec7c ng\u1ed3i nhi\u1ec1u, \u00edt v\u1eadn \u0111\u1ed9ng n\u00ean th\u01b0\u1eddng \u0111au nh\u1ee9c l\u01b0ng v\u00e0 c\u1ed5, ng\u01b0\u1eddi l\u1edbn tu\u1ed5i do x\u01b0\u01a1ng kh\u1edbp l\u00e3o ho\u00e1 d\u1eabn \u0111\u1ebfn c\u00e1c t\u1ed5n th\u01b0\u01a1ng.<\/p>\n<p>Ngo\u00e0i b\u1ed5 sung dinh d\u01b0\u1ee1ng, luy\u1ec7n t\u1eadp th\u1ec3 thao th\u00ec nh\u1ea5t \u0111\u1ecbnh b\u1ea1n kh\u00f4ng th\u1ec3 b\u1ecf qua th\u1ef1c ph\u1ea9m b\u1ea3o v\u1ec7 s\u1ee9c kh\u1ecfe BKA Cumin X\u01af\u01a0NG KH\u1edaP<\/p>\n<p>C\u00e1c th\u00e0nh ph\u1ea7n chi\u1ebft xu\u1ea5t t\u1eeb th\u1ea3o d\u01b0\u1ee3c thi\u00ean nhi\u00ean nh\u01b0 Cao D\u00e2y \u0110au X\u01b0\u01a1ng, Nano G\u1eafm (chi\u1ebft xu\u1ea5t t\u1eeb d\u00e2y G\u1eafm), Nano Curcumin (chi\u1ebft xu\u1ea5t t\u1eeb c\u1ee7 ngh\u1ec7), Nano Nh\u00e0u (chi\u1ebft xu\u1ea5t r\u1ec5 Nh\u00e0u) gi\u00fap h\u1ed7 tr\u1ee3 m\u1ea1nh g\u00e2n c\u1ed1t, gi\u1ea3m c\u00e1c tri\u1ec7u ch\u1ee9ng \u0111au l\u01b0ng, m\u1ecfi g\u1ed1i, t\u00ea m\u1ecfi tay ch\u00e2n v\u00e0 \u0111au nh\u1ee9c x\u01b0\u01a1ng kh\u1edbp.<\/p>\n<p>Vi\u00ean u\u1ed1ng h\u1ed7 tr\u1ee3 X\u01b0\u01a1ng Kh\u1edbp BKA Cumin l\u00e0 s\u1ef1 l\u1ef1a ch\u1ecdn ti\u1ec7n d\u1ee5ng v\u00e0 h\u1ed7 tr\u1ee3 duy tr\u00ec ch\u1ee9c n\u0103ng c\u1ee7a x\u01b0\u01a1ng kh\u1edbp, s\u1ee5n kh\u1edbp.<\/p>","protected":false},"excerpt":{"rendered":"<p>\u0110au nh\u1ee9c x\u01b0\u01a1ng kh\u1edbp kh\u00f4ng ch\u1ec9 l\u00e0 n\u1ed7i lo c\u1ee7a ng\u01b0\u1eddi l\u1edbn tu\u1ed5i m\u00e0 c\u00f2n d\u1ec5 g\u1eb7p ph\u1ea3i \u1edf nh\u1eefng<\/p>","protected":false},"featured_media":2858,"comment_status":"open","ping_status":"closed","template":"","meta":{"_acf_changed":false},"product_cat":[332,333],"product_tag":[],"class_list":{"0":"post-2826","1":"product","2":"type-product","3":"status-publish","4":"has-post-thumbnail","6":"product_cat-san-pham-duoc-lieu-va-san-pham-tu-duoc-lieu","7":"product_cat-thuc-pham-chuc-nang-thuoc-duoc-lieu-thuoc-y-hoc-co-truyen","9":"first","10":"instock","11":"shipping-taxable","12":"purchasable","13":"product-type-simple"},"acf":[],"_links":{"self":[{"href":"https:\/\/fairs.vn\/en\/wp-json\/wp\/v2\/product\/2826","targetHints":{"allow":["GET"]}}],"collection":[{"href":"https:\/\/fairs.vn\/en\/wp-json\/wp\/v2\/product"}],"about":[{"href":"https:\/\/fairs.vn\/en\/wp-json\/wp\/v2\/types\/product"}],"replies":[{"embeddable":true,"href":"https:\/\/fairs.vn\/en\/wp-json\/wp\/v2\/comments?post=2826"}],"version-history":[{"count":0,"href":"https:\/\/fairs.vn\/en\/wp-json\/wp\/v2\/product\/2826\/revisions"}],"wp:featuredmedia":[{"embeddable":true,"href":"https:\/\/fairs.vn\/en\/wp-json\/wp\/v2\/media\/2858"}],"wp:attachment":[{"href":"https:\/\/fairs.vn\/en\/wp-json\/wp\/v2\/media?parent=2826"}],"wp:term":[{"taxonomy":"product_cat","embeddable":true,"href":"https:\/\/fairs.vn\/en\/wp-json\/wp\/v2\/product_cat?post=2826"},{"taxonomy":"product_tag","embeddable":true,"href":"https:\/\/fairs.vn\/en\/wp-json\/wp\/v2\/product_tag?post=2826"}],"curies":[{"name":"wp","href":"https:\/\/api.w.org\/{rel}","templated":true}]}}