{"id":2597,"date":"2024-03-19T06:40:57","date_gmt":"2024-03-19T06:40:57","guid":{"rendered":"https:\/\/fairs.vn\/?post_type=product&#038;p=2597"},"modified":"2024-03-19T06:40:57","modified_gmt":"2024-03-19T06:40:57","slug":"huong-tra-xu-tuyen-che-xanh-tui-loc-huong-nhai","status":"publish","type":"product","link":"https:\/\/fairs.vn\/en\/product\/huong-tra-xu-tuyen-che-xanh-tui-loc-huong-nhai\/","title":{"rendered":"H\u01b0\u01a1ng tr\u00e0 x\u1ee9 Tuy\u00ean &#8211; Ch\u00e8 xanh t\u00fai l\u1ecdc h\u01b0\u01a1ng Nh\u00e0i"},"content":{"rendered":"<p><strong>C\u00d4NG TY TR\u00c1CH NHI\u1ec6M H\u1eeeU H\u1ea0N S\u1ea2N XU\u1ea4T V\u00c0 TH\u01af\u01a0NG M\u1ea0I H\u01af\u01a0NG TR\u00c0<\/strong><\/p>\n<p><strong>C\u00f4ng d\u1ee5ng<\/strong><\/p>\n<p>-Gi\u00fap con ng\u01b0\u1eddi tho\u1ea3i m\u00e1i, s\u1ea3ng kho\u00e1i, ng\u0103n ng\u1eeba c\u00e1c b\u1ec7nh \u0111\u01b0\u1eddng ru\u1ed9t, ch\u1ed1ng nhi\u1ec5m \u0111\u1ed9c ph\u00f3ng x\u1ea1, ch\u1ed1ng l\u00e3o h\u00f3a, \u0111\u00e0o th\u1ea3i c\u00e1c \u0111\u1ed9c t\u1ed1 trong c\u01a1 th\u1ec3, k\u00edch th\u00edch c\u01a1 th\u1ec3 b\u1ed5 sung Cholesterol t\u1ed1t v\u00e0 th\u1ea3i Cholesterol x\u1ea5u\u2026<\/p>\n<p><strong>C\u00e1ch pha<\/strong><\/p>\n<p>-Th\u1ea3 t\u00fai l\u1ecdc v\u00e0o c\u1ed1c \u0111\u00e3 nh\u00fang n\u00f3ng<\/p>\n<p>-Cho m\u1ed9t l\u01b0\u1ee3ng n\u01b0\u1edbc s\u00f4i v\u1eeba \u0111\u1ee7<\/p>\n<p>-Sau 3-5 ph\u00fat th\u00ec s\u1eed d\u1ee5ng<\/p>","protected":false},"excerpt":{"rendered":"<p>C\u00d4NG TY TR\u00c1CH NHI\u1ec6M H\u1eeeU H\u1ea0N S\u1ea2N XU\u1ea4T V\u00c0 TH\u01af\u01a0NG M\u1ea0I H\u01af\u01a0NG TR\u00c0 C\u00f4ng d\u1ee5ng -Gi\u00fap con ng\u01b0\u1eddi tho\u1ea3i m\u00e1i,<\/p>","protected":false},"featured_media":2593,"comment_status":"open","ping_status":"closed","template":"","meta":{"_acf_changed":false},"product_cat":[321,22],"product_tag":[],"class_list":{"0":"post-2597","1":"product","2":"type-product","3":"status-publish","4":"has-post-thumbnail","6":"product_cat-che","7":"product_cat-sanphamthucpham","9":"first","10":"instock","11":"shipping-taxable","12":"product-type-simple"},"acf":[],"_links":{"self":[{"href":"https:\/\/fairs.vn\/en\/wp-json\/wp\/v2\/product\/2597","targetHints":{"allow":["GET"]}}],"collection":[{"href":"https:\/\/fairs.vn\/en\/wp-json\/wp\/v2\/product"}],"about":[{"href":"https:\/\/fairs.vn\/en\/wp-json\/wp\/v2\/types\/product"}],"replies":[{"embeddable":true,"href":"https:\/\/fairs.vn\/en\/wp-json\/wp\/v2\/comments?post=2597"}],"version-history":[{"count":0,"href":"https:\/\/fairs.vn\/en\/wp-json\/wp\/v2\/product\/2597\/revisions"}],"wp:featuredmedia":[{"embeddable":true,"href":"https:\/\/fairs.vn\/en\/wp-json\/wp\/v2\/media\/2593"}],"wp:attachment":[{"href":"https:\/\/fairs.vn\/en\/wp-json\/wp\/v2\/media?parent=2597"}],"wp:term":[{"taxonomy":"product_cat","embeddable":true,"href":"https:\/\/fairs.vn\/en\/wp-json\/wp\/v2\/product_cat?post=2597"},{"taxonomy":"product_tag","embeddable":true,"href":"https:\/\/fairs.vn\/en\/wp-json\/wp\/v2\/product_tag?post=2597"}],"curies":[{"name":"wp","href":"https:\/\/api.w.org\/{rel}","templated":true}]}}