{"id":2354,"date":"2024-03-19T02:58:29","date_gmt":"2024-03-19T02:58:29","guid":{"rendered":"https:\/\/fairs.vn\/?post_type=product&#038;p=2354"},"modified":"2024-04-03T14:24:54","modified_gmt":"2024-04-03T07:24:54","slug":"phong-bi","status":"publish","type":"product","link":"https:\/\/fairs.vn\/en\/product\/phong-bi\/","title":{"rendered":"Phong b\u00ec"},"content":{"rendered":"<p>Ch\u1ea5t li\u1ec7u gi\u1ea5y: couches, duplex, invory, offset, kraft\u2026.<br \/>\nK\u1ef9 thu\u1eadt in: In offset\/ In k\u1ef9 thu\u1eadt s\u1ed1.<br \/>\nK\u00edch th\u01b0\u1edbc: A4, A5, A6<br \/>\nGia c\u00f4ng: C\u1eaft th\u00e0nh ph\u1ea9m, D\u00e1n b\u0103ng d\u00ednh 2 m\u1eb7t v\u00e0o n\u1eafp ch\u1edd s\u1eb5n, \u0110\u00f3ng c\u1eeda s\u1ed5 k\u00ednh.<\/p>\n<p>Phong b\u00ec kh\u00f4ng \u0111\u01a1n thu\u1ea7n ch\u1ec9 d\u00f9ng \u0111\u1ef1ng gi\u1ea5y t\u1edd quan tr\u1ecdng, b\u00e1o gi\u00e1, h\u1ee3p \u0111\u1ed3ng, th\u01b0 gi\u1edbi thi\u1ec7u s\u1ea3n ph\u1ea9m&#8230; c\u1ea7n g\u1eedi hay \u0111\u1ef1ng thi\u1ec7p m\u1eddi, thi\u1ec7p ch\u00fac m\u1eebng trong c\u00f4ng vi\u1ec7c; n\u00f3 c\u00f2n mang \u00fd ngh\u0129a quan tr\u1ecdng nh\u1ea5t l\u00e0 nh\u1eadn di\u1ec7n th\u01b0\u01a1ng hi\u1ec7u doanh nghi\u1ec7p t\u1edbi kh\u00e1ch h\u00e0ng; th\u01b0\u01a1ng hi\u1ec7u c\u00f4ng ty \u0111\u01b0\u1ee3c qu\u1ea3ng b\u00e1 r\u1ed9ng kh\u1eafp n\u01a1i.<\/p>","protected":false},"excerpt":{"rendered":"<p>Ch\u1ea5t li\u1ec7u gi\u1ea5y: couches, duplex, invory, offset, kraft\u2026. K\u1ef9 thu\u1eadt in: In offset\/ In k\u1ef9 thu\u1eadt s\u1ed1. K\u00edch th\u01b0\u1edbc: A4,<\/p>","protected":false},"featured_media":2355,"comment_status":"open","ping_status":"closed","template":"","meta":{"_acf_changed":false},"product_cat":[520,368],"product_tag":[],"class_list":{"0":"post-2354","1":"product","2":"type-product","3":"status-publish","4":"has-post-thumbnail","6":"product_cat-nha-cua-doi-song","7":"product_cat-van-phong-pham","9":"first","10":"instock","11":"shipping-taxable","12":"product-type-simple"},"acf":[],"_links":{"self":[{"href":"https:\/\/fairs.vn\/en\/wp-json\/wp\/v2\/product\/2354","targetHints":{"allow":["GET"]}}],"collection":[{"href":"https:\/\/fairs.vn\/en\/wp-json\/wp\/v2\/product"}],"about":[{"href":"https:\/\/fairs.vn\/en\/wp-json\/wp\/v2\/types\/product"}],"replies":[{"embeddable":true,"href":"https:\/\/fairs.vn\/en\/wp-json\/wp\/v2\/comments?post=2354"}],"version-history":[{"count":0,"href":"https:\/\/fairs.vn\/en\/wp-json\/wp\/v2\/product\/2354\/revisions"}],"wp:featuredmedia":[{"embeddable":true,"href":"https:\/\/fairs.vn\/en\/wp-json\/wp\/v2\/media\/2355"}],"wp:attachment":[{"href":"https:\/\/fairs.vn\/en\/wp-json\/wp\/v2\/media?parent=2354"}],"wp:term":[{"taxonomy":"product_cat","embeddable":true,"href":"https:\/\/fairs.vn\/en\/wp-json\/wp\/v2\/product_cat?post=2354"},{"taxonomy":"product_tag","embeddable":true,"href":"https:\/\/fairs.vn\/en\/wp-json\/wp\/v2\/product_tag?post=2354"}],"curies":[{"name":"wp","href":"https:\/\/api.w.org\/{rel}","templated":true}]}}