{"id":2290,"date":"2024-03-19T02:36:56","date_gmt":"2024-03-19T02:36:56","guid":{"rendered":"https:\/\/fairs.vn\/?post_type=product&#038;p=2290"},"modified":"2024-04-11T10:14:00","modified_gmt":"2024-04-11T03:14:00","slug":"tuong-phat-thien-thu-thien-nhan","status":"publish","type":"product","link":"https:\/\/fairs.vn\/en\/product\/tuong-phat-thien-thu-thien-nhan\/","title":{"rendered":"T\u01b0\u1ee3ng Ph\u1eadt Thi\u00ean Th\u1ee7 Thi\u00ean Nh\u00e3n"},"content":{"rendered":"<div>\n<div>\n<p><strong>Thi\u00ean Th\u1ee7 Thi\u00ean Nh\u00e3n B\u1ed3 T\u00e1t,<\/strong>\u00a0\u1edf Vi\u1ec7t Nam th\u01b0\u1eddng hay g\u1ecdi l\u00e0\u00a0<strong>Ph\u1eadt B\u00e0 Ngh\u00ecn Tay Ngh\u00ecn M\u1eaft<\/strong>, c\u0169ng l\u00e0 m\u1ed9t hi\u1ec7n th\u00e2n c\u1ee7a Qu\u00e1n Th\u1ebf \u00c2m B\u1ed3 T\u00e1t, ch\u00ednh l\u00e0 m\u1ed9t bi\u1ec3u ph\u00e1p v\u00f4 c\u00f9ng t\u1eeb bi c\u1ee7a B\u1ed3 T\u00e1t cho ch\u00fang ta. Bi\u1ec3u ph\u00e1p c\u1ee7a Ng\u00e0i l\u00e0 g\u00ec, l\u00e0 d\u1ea1y cho ch\u00fang ta th\u1ea5y khi m\u1eaft th\u1ea5y ch\u00fang sinh kh\u1ed5 n\u1ea1n, li\u1ec1n l\u1eadp t\u1ee9c \u0111\u01b0a tay ra gi\u00fap \u0111\u1ee1, che ch\u1edf cho h\u1ecd m\u00e0 kh\u00f4ng \u0111\u01b0\u1ee3c ch\u1eadm tr\u1ec5, kh\u00f4ng do d\u1ef1, kh\u00f4ng c\u00f3 ch\u00fat h\u1ed1i h\u1eadn, l\u00e0 ph\u1ea3i t\u1eadn t\u00e2m t\u1eadn l\u1ef1c gi\u00fap \u0111\u1ee1 h\u1ecd.<\/p>\n<p>B\u1ed3 T\u00e1t Thi\u00ean Th\u1ee7 Thi\u00ean Nh\u00e3n trong d\u00e2n gian x\u1ea3 th\u00e2n c\u1ee9u \u0111\u1ed9 m\u1ecdi lo\u00e0i, h\u00e0nh \u0111\u1ea1o gi\u00fap \u0111\u1eddi c\u00f3 th\u1eadt kh\u00f4ng ph\u1ea3i l\u00e0 hoang t\u01b0\u1edfng v\u00e0 B\u1ed3 T\u00e1t c\u0169ng l\u00e0 t\u00e2m Ph\u1eadt, l\u00e0 \u201cTh\u1eadt T\u00e1nh\u201d c\u1ee7a nh\u1eefng con ng\u01b0\u1eddi bi\u1ebft tu t\u00e2m d\u01b0\u1ee1ng t\u00e1nh, r\u1ed1t r\u00e1o \u0111o\u1ea1n tr\u1eeb ma ch\u01b0\u1edbng t\u1ef1 th\u00e2n.<\/p>\n<\/div>\n<\/div>\n<div>\n<div>\n<h3 class=\"text-xl my-5 font-bold\">Th\u00f4ng s\u1ed1 k\u1ef9 thu\u1eadt<\/h3>\n<div>\n<div class=\"my-2 py-2\">Ch\u1ea5t li\u1ec7u<span class=\"mlr-1\">:<\/span><span class=\"ml-1\">\u0110\u1ed3ng \u0111\u1ecf, \u0111\u00fac th\u1ee7 c\u00f4ng<\/span><\/div>\n<\/div>\n<\/div>\n<\/div>","protected":false},"excerpt":{"rendered":"<div>\n<div>\n<p><strong>Thi\u00ean Th\u1ee7 Thi\u00ean Nh\u00e3n B\u1ed3 T\u00e1t,<\/strong>\u00a0\u1edf Vi\u1ec7t Nam th\u01b0\u1eddng hay g\u1ecdi l\u00e0\u00a0<strong>Ph\u1eadt B\u00e0 Ngh\u00ecn Tay Ngh\u00ecn M\u1eaft<\/strong>, c\u0169ng l\u00e0 m\u1ed9t hi\u1ec7n th\u00e2n c\u1ee7a Qu\u00e1n Th\u1ebf \u00c2m B\u1ed3 T\u00e1t, ch\u00ednh l\u00e0 m\u1ed9t bi\u1ec3u ph\u00e1p v\u00f4 c\u00f9ng t\u1eeb bi c\u1ee7a B\u1ed3 T\u00e1t cho ch\u00fang ta. Bi\u1ec3u ph\u00e1p c\u1ee7a Ng\u00e0i l\u00e0 g\u00ec, l\u00e0 d\u1ea1y cho ch\u00fang ta th\u1ea5y khi m\u1eaft th\u1ea5y ch\u00fang sinh kh\u1ed5 n\u1ea1n, li\u1ec1n l\u1eadp t\u1ee9c \u0111\u01b0a tay ra gi\u00fap \u0111\u1ee1, che ch\u1edf cho h\u1ecd m\u00e0 kh\u00f4ng \u0111\u01b0\u1ee3c ch\u1eadm tr\u1ec5, kh\u00f4ng do d\u1ef1, kh\u00f4ng c\u00f3 ch\u00fat h\u1ed1i h\u1eadn, l\u00e0 ph\u1ea3i t\u1eadn t\u00e2m t\u1eadn l\u1ef1c gi\u00fap \u0111\u1ee1 h\u1ecd.<\/p>\n<p>B\u1ed3 T\u00e1t Thi\u00ean Th\u1ee7 Thi\u00ean Nh\u00e3n trong d\u00e2n gian x\u1ea3 th\u00e2n c\u1ee9u \u0111\u1ed9 m\u1ecdi lo\u00e0i, h\u00e0nh \u0111\u1ea1o gi\u00fap \u0111\u1eddi c\u00f3 th\u1eadt kh\u00f4ng ph\u1ea3i l\u00e0 hoang t\u01b0\u1edfng v\u00e0 B\u1ed3 T\u00e1t c\u0169ng l\u00e0 t\u00e2m Ph\u1eadt, l\u00e0 \u201cTh\u1eadt T\u00e1nh\u201d c\u1ee7a nh\u1eefng con ng\u01b0\u1eddi bi\u1ebft tu t\u00e2m d\u01b0\u1ee1ng t\u00e1nh, r\u1ed1t r\u00e1o \u0111o\u1ea1n tr\u1eeb ma ch\u01b0\u1edbng t\u1ef1 th\u00e2n.<\/p>\n<\/div>\n<\/div>\n<div>\n<div>\n<h3 class=\"text-xl my-5 font-bold\">Th\u00f4ng s\u1ed1 k\u1ef9 thu\u1eadt<\/h3>\n<div>\n<div class=\"my-2 py-2\">Ch\u1ea5t li\u1ec7u<span class=\"mlr-1\">:<\/span><span class=\"ml-1\">\u0110\u1ed3ng \u0111\u1ecf, \u0111\u00fac th\u1ee7 c\u00f4ng<\/span><\/div>\n<\/div>\n<\/div>\n<\/div>","protected":false},"featured_media":2294,"comment_status":"open","ping_status":"closed","template":"","meta":{"_acf_changed":false},"product_cat":[389,348],"product_tag":[],"class_list":{"0":"post-2290","1":"product","2":"type-product","3":"status-publish","4":"has-post-thumbnail","6":"product_cat-duc-dong","7":"product_cat-thiet-bi-co-khi","9":"first","10":"instock","11":"shipping-taxable","12":"product-type-simple"},"acf":[],"_links":{"self":[{"href":"https:\/\/fairs.vn\/en\/wp-json\/wp\/v2\/product\/2290","targetHints":{"allow":["GET"]}}],"collection":[{"href":"https:\/\/fairs.vn\/en\/wp-json\/wp\/v2\/product"}],"about":[{"href":"https:\/\/fairs.vn\/en\/wp-json\/wp\/v2\/types\/product"}],"replies":[{"embeddable":true,"href":"https:\/\/fairs.vn\/en\/wp-json\/wp\/v2\/comments?post=2290"}],"version-history":[{"count":0,"href":"https:\/\/fairs.vn\/en\/wp-json\/wp\/v2\/product\/2290\/revisions"}],"wp:featuredmedia":[{"embeddable":true,"href":"https:\/\/fairs.vn\/en\/wp-json\/wp\/v2\/media\/2294"}],"wp:attachment":[{"href":"https:\/\/fairs.vn\/en\/wp-json\/wp\/v2\/media?parent=2290"}],"wp:term":[{"taxonomy":"product_cat","embeddable":true,"href":"https:\/\/fairs.vn\/en\/wp-json\/wp\/v2\/product_cat?post=2290"},{"taxonomy":"product_tag","embeddable":true,"href":"https:\/\/fairs.vn\/en\/wp-json\/wp\/v2\/product_tag?post=2290"}],"curies":[{"name":"wp","href":"https:\/\/api.w.org\/{rel}","templated":true}]}}