{"id":1912,"date":"2024-03-18T08:30:15","date_gmt":"2024-03-18T08:30:15","guid":{"rendered":"https:\/\/fairs.vn\/?post_type=product&#038;p=1912"},"modified":"2024-04-16T15:13:31","modified_gmt":"2024-04-16T08:13:31","slug":"may-cay-lua","status":"publish","type":"product","link":"https:\/\/fairs.vn\/en\/product\/may-cay-lua\/","title":{"rendered":"M\u00e1y c\u1ea5y l\u00faa \u0110\u1ea1i Ngh\u0129a"},"content":{"rendered":"<p><strong>M\u00e1y c\u1ea5y \u0110\u1ea1i Ngh\u0129a\u00a0<\/strong><\/p>\n<ul>\n<li>k\u1ef9 thu\u1eadt c\u1ea5y t\u1ed1t \u00a0&#8211; k\u1ec3 c\u1ea3 m\u00e1y \u0111\u1ed9ng c\u01a1 \u0111i\u1ec7n hay \u0111\u1ed9ng c\u01a1 x\u0103ng th\u00ec b\u00e0 con ch\u1ec9 gieo m\u1ea1 \u0111\u00fang quy c\u00e1ch v\u00e0 \u0111\u01b0a m\u1ea1 l\u00ean m\u00e1y th\u00ec m\u00e1y s\u1ebd t\u1ef1 th\u1ef1c hi\u1ec7n vi\u1ec7c c\u1ea5y, k\u1ec3 c\u1ea3 \u1edf nh\u1eefng khu v\u1ef1c ng\u1eadp b\u00f9n s\u00e2u.<\/li>\n<li>ph\u00f9 h\u1ee3p v\u1edbi \u0111\u1ecba h\u00ecnh \u0111\u1ed3ng ru\u1ed9ng c\u00e1c v\u00f9ng mi\u1ec1n, l\u1ea1i d\u1ec5 b\u1ea3o d\u01b0\u1ee1ng s\u1eeda ch\u1eefa m\u00e0 kh\u00f4ng t\u1ed1n k\u00e9m chi ph\u00ed, d\u1ec5 s\u1eed d\u1ee5ng cho nhi\u1ec1u \u0111\u1ed1i t\u01b0\u1ee3ng lao \u0111\u1ed9ng k\u1ec3 c\u1ea3 ng\u01b0\u1eddi cao tu\u1ed5i.<\/li>\n<\/ul>\n<div id=\"gtx-trans\" style=\"position: absolute; left: -50px; top: 1.2px;\">\n<div class=\"gtx-trans-icon\"><\/div>\n<\/div>","protected":false},"excerpt":{"rendered":"<p>M\u00e1y c\u1ea5y \u0110\u1ea1i Ngh\u0129a\u00a0 k\u1ef9 thu\u1eadt c\u1ea5y t\u1ed1t \u00a0&#8211; k\u1ec3 c\u1ea3 m\u00e1y \u0111\u1ed9ng c\u01a1 \u0111i\u1ec7n hay \u0111\u1ed9ng c\u01a1 x\u0103ng th\u00ec<\/p>","protected":false},"featured_media":1915,"comment_status":"open","ping_status":"closed","template":"","meta":{"_acf_changed":false},"product_cat":[391,366,367,348],"product_tag":[],"class_list":{"0":"post-1912","1":"product","2":"type-product","3":"status-publish","4":"has-post-thumbnail","6":"product_cat-may-nong-nghiep","7":"product_cat-hang-cnnt-cap-qg","8":"product_cat-hang-cnnt-cap-qg-2023","9":"product_cat-thiet-bi-co-khi","11":"first","12":"instock","13":"shipping-taxable","14":"product-type-simple"},"acf":[],"_links":{"self":[{"href":"https:\/\/fairs.vn\/en\/wp-json\/wp\/v2\/product\/1912","targetHints":{"allow":["GET"]}}],"collection":[{"href":"https:\/\/fairs.vn\/en\/wp-json\/wp\/v2\/product"}],"about":[{"href":"https:\/\/fairs.vn\/en\/wp-json\/wp\/v2\/types\/product"}],"replies":[{"embeddable":true,"href":"https:\/\/fairs.vn\/en\/wp-json\/wp\/v2\/comments?post=1912"}],"version-history":[{"count":0,"href":"https:\/\/fairs.vn\/en\/wp-json\/wp\/v2\/product\/1912\/revisions"}],"wp:featuredmedia":[{"embeddable":true,"href":"https:\/\/fairs.vn\/en\/wp-json\/wp\/v2\/media\/1915"}],"wp:attachment":[{"href":"https:\/\/fairs.vn\/en\/wp-json\/wp\/v2\/media?parent=1912"}],"wp:term":[{"taxonomy":"product_cat","embeddable":true,"href":"https:\/\/fairs.vn\/en\/wp-json\/wp\/v2\/product_cat?post=1912"},{"taxonomy":"product_tag","embeddable":true,"href":"https:\/\/fairs.vn\/en\/wp-json\/wp\/v2\/product_tag?post=1912"}],"curies":[{"name":"wp","href":"https:\/\/api.w.org\/{rel}","templated":true}]}}