{"id":1822,"date":"2024-03-18T07:52:25","date_gmt":"2024-03-18T07:52:25","guid":{"rendered":"https:\/\/fairs.vn\/?post_type=product&#038;p=1822"},"modified":"2024-03-18T07:52:25","modified_gmt":"2024-03-18T07:52:25","slug":"com-loi-sua-devoted","status":"publish","type":"product","link":"https:\/\/fairs.vn\/en\/product\/com-loi-sua-devoted\/","title":{"rendered":"C\u1ed0M L\u1ee2I S\u1eeeA DEVOTED"},"content":{"rendered":"<div>\n<div>\n<h3><strong>C\u00f4ng d\u1ee5ng C\u1ed1m l\u1ee3i s\u1eefa Devoted:\u00a0<\/strong><\/h3>\n<p><strong>Devoted\u00a0<\/strong>gi\u00fap b\u1ed5 sung acid amin, vitamin, thymomodulin, ch\u1ea5t x\u01a1 v\u00e0 th\u1ea3o m\u1ed9c thi\u00ean nhi\u00ean cho b\u00e0 m\u1eb9 \u0111ang cho con b\u00fa, t\u0103ng c\u01b0\u1eddng s\u1ee9c \u0111\u1ec1 kh\u00e1ng, t\u1ed1t cho s\u1ee9c kh\u1ecfe m\u1eb9 v\u00e0 b\u00e9.<\/p>\n<p>Gi\u00fap l\u1ee3i s\u1eefa cho c\u00e1c b\u00e0 m\u1eb9 \u0111ang cho con b\u00fa.<\/p>\n<h3><strong>\u0110\u1ed1i t\u01b0\u1ee3ng s\u1eed d\u1ee5ng C\u1ed1m l\u1ee3i s\u1eefa Devoted:\u00a0<\/strong><\/h3>\n<p>C\u00e1c b\u00e0 m\u1eb9 \u0111ang cho con b\u00fa b\u1ecb m\u1ea5t s\u1eefa, \u00edt s\u1eefa.<\/p>\n<p>M\u1eb9 v\u00e0 b\u00e9 s\u1ee9c \u0111\u1ec1 kh\u00e1ng k\u00e9m, k\u00e9m \u0103n, ti\u00eau h\u00f3a k\u00e9m hay b\u1ecb t\u00e1o b\u00f3n.<\/p>\n<h3><strong>C\u00e1ch s\u1eed d\u1ee5ng C\u1ed1m l\u1ee3i s\u1eefa Devoted:\u00a0<\/strong><\/h3>\n<p>Ng\u00e0y u\u1ed1ng 2-3 l\u1ea7n, m\u1ed7i l\u1ea7n 1-2 g\u00f3i. D\u00f9ng sau khi \u0103n 30 ph\u00fat.<\/p>\n<h3><strong>Quy c\u00e1ch \u0111\u00f3ng g\u00f3i:\u00a0<\/strong><\/h3>\n<p>H\u1ed9p 30 g\u00f3i.<\/p>\n<p><strong>L\u01b0u \u00fd:\u00a0<\/strong>S\u1ea3n ph\u1ea9m kh\u00f4ng ph\u1ea3i l\u00e0 thu\u1ed1c v\u00e0 kh\u00f4ng c\u00f3 t\u00e1c d\u1ee5ng thay th\u1ebf thu\u1ed1c ch\u1eefa b\u1ec7nh.<\/p>\n<\/div>\n<\/div>\n<div>\n<div>\n<h3 class=\"text-xl my-5 font-bold\">Th\u00f4ng s\u1ed1 k\u1ef9 thu\u1eadt<\/h3>\n<div>\n<div class=\"my-2 py-2\">Inulin<span class=\"mlr-1\">:<\/span><span class=\"ml-1\">100mg<\/span><\/div>\n<div class=\"my-2 py-2\">Taurin<span class=\"mlr-1\">:<\/span><span class=\"ml-1\">50mg<\/span><\/div>\n<div class=\"my-2 py-2\">Lysin HCL<span class=\"mlr-1\">:<\/span><span class=\"ml-1\">50mg<\/span><\/div>\n<div class=\"my-2 py-2\">Vitamin B2<span class=\"mlr-1\">:<\/span><span class=\"ml-1\">1mg<\/span><\/div>\n<div class=\"my-2 py-2\">Vitamin B6<span class=\"mlr-1\">:<\/span><span class=\"ml-1\">1mg<\/span><\/div>\n<div class=\"my-2 py-2\">Vitamin B1\u00a0<span class=\"mlr-1\">:<\/span><span class=\"ml-1\">1mg<\/span><\/div>\n<div class=\"my-2 py-2\">Ph\u1ee5 li\u1ec7u<span class=\"mlr-1\">:<\/span><span class=\"ml-1\">Lactose, dextrose anhydrat, saccharose&#8230; v\u1eeba \u0111\u1ee7 1 g\u00f3i 3g<\/span><\/div>\n<div class=\"my-2 py-2\">Thymomodulin<span class=\"mlr-1\">:<\/span><span class=\"ml-1\">10mg<\/span><\/div>\n<div class=\"my-2 py-2\">Calci gluconate<span class=\"mlr-1\">:<\/span><span class=\"ml-1\">200mg<\/span><\/div>\n<div class=\"my-2 py-2\">Blesssed thistle extract<span class=\"mlr-1\">:<\/span><span class=\"ml-1\">50mg<\/span><\/div>\n<div class=\"my-2 py-2\">Fructus Foeniculi extract<span class=\"mlr-1\">:<\/span><span class=\"ml-1\">10mg<\/span><\/div>\n<div class=\"my-2 py-2\">Radix Polysciacis extract<span class=\"mlr-1\">:<\/span><span class=\"ml-1\">100mg<\/span><\/div>\n<div class=\"my-2 py-2\">Medulla Tetrapanacis extract<span class=\"mlr-1\">:<\/span><span class=\"ml-1\">35mg<\/span><\/div>\n<\/div>\n<\/div>\n<\/div>","protected":false},"excerpt":{"rendered":"<p><strong>Devoted\u00a0<\/strong>gi\u00fap b\u1ed5 sung acid amin, vitamin, thymomodulin, ch\u1ea5t x\u01a1 v\u00e0 th\u1ea3o m\u1ed9c thi\u00ean nhi\u00ean cho b\u00e0 m\u1eb9 \u0111ang cho con b\u00fa, t\u0103ng c\u01b0\u1eddng s\u1ee9c \u0111\u1ec1 kh\u00e1ng, t\u1ed1t cho s\u1ee9c kh\u1ecfe m\u1eb9 v\u00e0 b\u00e9.<\/p>","protected":false},"featured_media":1823,"comment_status":"open","ping_status":"closed","template":"","meta":{"_acf_changed":false},"product_cat":[332,333],"product_tag":[],"class_list":{"0":"post-1822","1":"product","2":"type-product","3":"status-publish","4":"has-post-thumbnail","6":"product_cat-san-pham-duoc-lieu-va-san-pham-tu-duoc-lieu","7":"product_cat-thuc-pham-chuc-nang-thuoc-duoc-lieu-thuoc-y-hoc-co-truyen","9":"first","10":"instock","11":"shipping-taxable","12":"product-type-simple"},"acf":[],"_links":{"self":[{"href":"https:\/\/fairs.vn\/en\/wp-json\/wp\/v2\/product\/1822","targetHints":{"allow":["GET"]}}],"collection":[{"href":"https:\/\/fairs.vn\/en\/wp-json\/wp\/v2\/product"}],"about":[{"href":"https:\/\/fairs.vn\/en\/wp-json\/wp\/v2\/types\/product"}],"replies":[{"embeddable":true,"href":"https:\/\/fairs.vn\/en\/wp-json\/wp\/v2\/comments?post=1822"}],"version-history":[{"count":0,"href":"https:\/\/fairs.vn\/en\/wp-json\/wp\/v2\/product\/1822\/revisions"}],"wp:featuredmedia":[{"embeddable":true,"href":"https:\/\/fairs.vn\/en\/wp-json\/wp\/v2\/media\/1823"}],"wp:attachment":[{"href":"https:\/\/fairs.vn\/en\/wp-json\/wp\/v2\/media?parent=1822"}],"wp:term":[{"taxonomy":"product_cat","embeddable":true,"href":"https:\/\/fairs.vn\/en\/wp-json\/wp\/v2\/product_cat?post=1822"},{"taxonomy":"product_tag","embeddable":true,"href":"https:\/\/fairs.vn\/en\/wp-json\/wp\/v2\/product_tag?post=1822"}],"curies":[{"name":"wp","href":"https:\/\/api.w.org\/{rel}","templated":true}]}}