{"id":18184,"date":"2024-04-24T15:53:48","date_gmt":"2024-04-24T08:53:48","guid":{"rendered":"https:\/\/fairs.vn\/?post_type=product&#038;p=18184"},"modified":"2024-04-24T15:54:38","modified_gmt":"2024-04-24T08:54:38","slug":"can-tho-lang-du-lich-sinh-thai-my-khanh","status":"publish","type":"product","link":"https:\/\/fairs.vn\/en\/product\/can-tho-lang-du-lich-sinh-thai-my-khanh\/","title":{"rendered":"C\u1ea7n Th\u01a1 &#8211; L\u00e0ng du l\u1ecbch sinh th\u00e1i M\u1ef9 Kh\u00e1nh"},"content":{"rendered":"<p>Th\u00e0nh l\u1eadp v\u00e0o n\u0103m 1996, tr\u1ea3i qua h\u01a1n 25 n\u0103m ho\u1ea1t \u0111\u1ed9ng, ph\u00e1t tri\u1ec3n, L\u00e0ng du l\u1ecbch M\u1ef9 Kh\u00e1nh \u0111\u01b0\u1ee3c \u0111\u00e1nh gi\u00e1 l\u00e0 \u0111i\u1ec3m du l\u1ecbch h\u1ea5p d\u1eabn v\u00e0 ti\u00eau bi\u1ec3u nh\u1ea5t v\u00f9ng \u0110BSCL. H\u00e0ng n\u0103m, L\u00e0ng Du l\u1ecbch M\u1ef9 Kh\u00e1nh \u0111\u00f3n h\u00e0ng ng\u00e0n l\u01b0\u1ee3t kh\u00e1ch \u0111\u1ebfn tham quan, g\u00f3p ph\u1ea7n t\u0103ng doanh thu t\u1eeb d\u1ecbch v\u1ee5 du l\u1ecbch cho th\u00e0nh ph\u1ed1.<\/p>\n<h2 id=\"1.+Gi\u1edbi+thi\u1ec7u+v\u1ec1+Khu+du+l\u1ecbch+M\u1ef9+Kh\u00e1nh+C\u1ea7n+Th\u01a1\">1. Gi\u1edbi thi\u1ec7u v\u1ec1 Khu du l\u1ecbch M\u1ef9 Kh\u00e1nh C\u1ea7n Th\u01a1<\/h2>\n<p>Khu du l\u1ecbch M\u1ef9 Kh\u00e1nh C\u1ea7n Th\u01a1 n\u1eb1m c\u00e1ch trung t\u00e2m th\u00e0nh ph\u1ed1 kho\u1ea3ng 10km.\u00a0Di\u1ec7n t\u00edch khu du l\u1ecbch M\u1ef9 Kh\u00e1nh r\u1ea5t tho\u00e1ng r\u1ed9ng, l\u00ean t\u1edbi h\u01a1n 300.000 m2. N\u01a1i \u0111\u00e2y m\u1edf ra nhi\u1ec1u kh\u00f4ng gian \u0111\u1eb7c s\u1eafc nh\u01b0 v\u01b0\u1eddn c\u00e2y c\u00f3 qu\u1ea3, c\u00e1c nh\u00e0 c\u1ed5, ao c\u00e1, k\u00eanh r\u1ea1ch c\u00f9ng nhi\u1ec1u tr\u00f2 ch\u01a1i th\u00fa v\u1ecb.<\/p>\n<ul>\n<li><strong>\u0110\u1ecba ch\u1ec9 c\u1ee5 th\u1ec3:<\/strong>\u00a0335 L\u1ed9 V\u00f2ng Cung, \u1ea5p Nh\u01a1n M\u1ef9, x\u00e3 M\u1ef9 Kh\u00e1nh, huy\u1ec7n Phong \u0110i\u1ec1n, th\u00e0nh ph\u1ed1 C\u1ea7n Th\u01a1.<\/li>\n<\/ul>\n<p><img decoding=\"async\" src=\"https:\/\/statics.vinpearl.com\/khu-du-lich-my-khanh-can-tho-2_1624587681.jpg\" alt=\"khu du lich my khanh can tho\" data-align=\"center\" data-caption=\"Du kh\u00e1ch c\u00f3 th\u1ec3 l\u1ef1a ch\u1ecdn l\u01b0u tr\u00fa l\u1ea1i khi t\u1edbi tham quan&amp;nbsp;khu du l\u1ecbch M\u1ef9 Kh\u00e1nh C\u1ea7n Th\u01a1 (Ngu\u1ed3n: L\u00e0ng du l\u1ecbch M\u1ef9 Kh\u00e1nh)\" data-entity-type=\"file\" data-entity-uuid=\"c70b4a48-31c8-4963-8136-9b269e5214ae\" \/><i class=\"img_caption\">Du kh\u00e1ch c\u00f3 th\u1ec3 l\u1ef1a ch\u1ecdn l\u01b0u tr\u00fa l\u1ea1i khi t\u1edbi tham quan\u00a0khu du l\u1ecbch M\u1ef9 Kh\u00e1nh C\u1ea7n Th\u01a1 (Ngu\u1ed3n: L\u00e0ng du l\u1ecbch M\u1ef9 Kh\u00e1nh)<\/i><\/p>\n<h2 id=\"2.+C\u00e1ch+di+chuy\u1ec3n+\u0111\u1ebfn+khu+du+l\u1ecbch+M\u1ef9+Kh\u00e1nh+\u1edf+C\u1ea7n+Th\u01a1\u00a0\">2. C\u00e1ch di chuy\u1ec3n \u0111\u1ebfn khu du l\u1ecbch M\u1ef9 Kh\u00e1nh \u1edf C\u1ea7n Th\u01a1<\/h2>\n<p>\u0110\u01b0\u1eddng \u0111i khu du l\u1ecbch M\u1ef9 Kh\u00e1nh C\u1ea7n Th\u01a1 ch\u1eafc h\u1eb3n c\u00f2n kh\u00e1 xa l\u1ea1 v\u1edbi nhi\u1ec1u du kh\u00e1ch m\u1edbi t\u1edbi \u0111\u00e2y l\u1ea7n \u0111\u1ea7u ti\u00ean. B\u1ea1n c\u00f3 th\u1ec3 tham kh\u1ea3o c\u00e1c c\u00e1c c\u00e1ch di chuy\u1ec3n sau:<\/p>\n<ul>\n<li><strong>\u0110i b\u1eb1ng \u0111\u01b0\u1eddng b\u1ed9:<\/strong>\u00a0V\u1edbi nh\u1eefng du kh\u00e1ch quanh khu v\u1ef1c th\u00e0nh ph\u1ed1 C\u1ea7n Th\u01a1 th\u00ec c\u00f3 th\u1ec3 l\u1ef1a ch\u1ecdn xe m\u00e1y, xe kh\u00e1ch, taxi\u2026 C\u00e1c ph\u01b0\u01a1ng ti\u1ec7n n\u00e0y th\u00f4ng d\u1ee5ng, thu\u1eadn ti\u1ec7n khi di chuy\u1ec3n l\u1ea1i d\u1ec5 \u0111i\u1ec1u khi\u1ec3n.<\/li>\n<li><strong>\u0110i b\u1eb1ng \u0111\u01b0\u1eddng th\u1ee7y:\u00a0<\/strong>Di chuy\u1ec3n b\u1eb1ng t\u00e0u du l\u1ecbch ch\u1eafc ch\u1eafn s\u1ebd l\u00e0 m\u1ed9t tr\u1ea3i nghi\u1ec7m \u0111\u00e1ng nh\u1edb. B\u1ea1n c\u00f3 th\u1ec3 tham quan nh\u1eefng ch\u1ee3 n\u1ed5i C\u00e1i R\u0103ng, Phong \u0110i\u1ec1n, l\u00e0 n\u00e9t sinh ho\u1ea1t bu\u00f4n b\u00e1n \u0111\u1eb7c tr\u01b0ng \u0111\u1ea7y th\u00fa v\u1ecb t\u1ea1i C\u1ea7n Th\u01a1.<\/li>\n<\/ul>\n<p>N\u1ebfu du kh\u00e1ch t\u1eeb n\u01a1i xa t\u1edbi th\u00ec n\u00ean t\u00ecm c\u00e1c \u0111i\u1ec3m l\u01b0u tr\u00fa \u0111\u1ec3 ngh\u1ec9 ng\u01a1i cho h\u00e0nh tr\u00ecnh tham quan, kh\u00e1m ph\u00e1 c\u1ee7a m\u00ecnh \u0111\u01b0\u1ee3c tr\u1ecdn v\u1eb9n. \u0110i\u1ec1u n\u00e0y s\u1ebd gi\u00fap chuy\u1ebfn \u0111i c\u1ee7a b\u1ea1n th\u00eam \u00fd ngh\u0129a khi c\u00f3 n\u01a1i ngh\u1ec9 ng\u01a1i tho\u1ea3i m\u00e1i sau nh\u1eefng gi\u1edd ph\u00fat vui ch\u01a1i h\u1ebft m\u00ecnh.<\/p>\n<h2 id=\"3.+N\u00ean+t\u1edbi+l\u00e0ng+du+l\u1ecbch+M\u1ef9+Kh\u00e1nh+l\u00fac+n\u00e0o?\">3. N\u00ean t\u1edbi l\u00e0ng du l\u1ecbch M\u1ef9 Kh\u00e1nh l\u00fac n\u00e0o?<\/h2>\n<p>Th\u1eddi \u0111i\u1ec3m \u0111\u1eb9p nh\u1ea5t \u0111\u1ec3 t\u1edbi th\u0103m M\u1ef9 Kh\u00e1nh l\u00e0 v\u00e0o\u00a0<strong>th\u00e1ng 11 \u0111\u1ebfn th\u00e1ng 4 n\u0103m sau<\/strong>. Khi \u1ea5y l\u00e0 l\u00fac m\u00f9a kh\u00f4 v\u1edbi n\u1eafng v\u00e0ng r\u1ea5t \u0111\u1eb9p, hoa tr\u00e1i l\u1ea1i v\u00e0o \u0111\u1ed9 ch\u00edn v\u1edbi nh\u1eefng v\u01b0\u1eddn tr\u00e1i c\u00e2y tr\u0129u qu\u1ea3 \u0111\u1ea7y s\u1eafc m\u00e0u r\u1ef1c r\u1ee1. Th\u1eddi \u0111i\u1ec3m n\u00e0y, r\u1ea5t ph\u00f9 h\u1ee3p cho nh\u1eefng tr\u1ea3i nghi\u1ec7m tham quan hay c\u1ea3nh v\u1eadt si\u00eau \u0111\u1eb9p \u0111\u1ec3 b\u1ea1n th\u1ecfa s\u1ee9c check-in si\u00eau \u201c\u1ea3o\u201d.<\/p>\n<h2 id=\"4.+Khu+du+l\u1ecbch+sinh+th\u00e1i+M\u1ef9+Kh\u00e1nh+C\u1ea7n+Th\u01a1+c\u00f3+g\u00ec+h\u1ea5p+d\u1eabn?\">4. Khu du l\u1ecbch sinh th\u00e1i M\u1ef9 Kh\u00e1nh C\u1ea7n Th\u01a1 c\u00f3 g\u00ec h\u1ea5p d\u1eabn?<\/h2>\n<h3 id=\"4.1.+Chi\u00eam+ng\u01b0\u1ee1ng+v\u00e0+kh\u00e1m+ph\u00e1+ki\u1ebfn+tr\u00fac+c\u1ee7a+c\u00e1c+gian+nh\u00e0+c\u1ed5+Nam+B\u1ed9\">4.1. Chi\u00eam ng\u01b0\u1ee1ng v\u00e0 kh\u00e1m ph\u00e1 ki\u1ebfn tr\u00fac c\u1ee7a c\u00e1c gian nh\u00e0 c\u1ed5 Nam B\u1ed9<\/h3>\n<p>\u0110i\u1ec1u \u0111\u1ea7u ti\u00ean ph\u1ea3i nh\u1eafc t\u1edbi khi gi\u1edbi thi\u1ec7u v\u1ec1\u00a0<em>khu du l\u1ecbch M\u1ef9 Kh\u00e1nh C\u1ea7n Th\u01a1<\/em>\u00a0l\u00e0 c\u00e1c gian nh\u00e0 c\u1ed5 Nam B\u1ed9. C\u00e1c gian nh\u00e0 \u0111\u1ec1u c\u00f3 tu\u1ed5i \u0111\u1eddi tr\u00ean 100 n\u0103m, \u0111\u01b0\u1ee3c x\u00e2y d\u1ef1ng v\u00e0 th\u1ec3 hi\u1ec7n \u0111\u00fang theo l\u1ed1i ki\u1ebfn tr\u00fac nh\u00e0 c\u1ee7a ng\u01b0\u1eddi Nam B\u1ed9 x\u01b0a.<\/p>\n<h3 id=\"4.2.+Kh\u00e1m+ph\u00e1+quy+tr\u00ecnh+l\u00e0m+v\u00e0+th\u01b0\u1edfng+th\u1ee9c+c\u00e1c+m\u00f3n+\u0111\u1eb7c+s\u1ea3n+\u1edf+nh\u1eefng+l\u00e0ng+ngh\u1ec1+truy\u1ec1n+th\u1ed1ng\">4.2. Kh\u00e1m ph\u00e1 quy tr\u00ecnh l\u00e0m v\u00e0 th\u01b0\u1edfng th\u1ee9c c\u00e1c m\u00f3n \u0111\u1eb7c s\u1ea3n \u1edf nh\u1eefng l\u00e0ng ngh\u1ec1 truy\u1ec1n th\u1ed1ng<\/h3>\n<p>Ph\u00eda sau khu nh\u00e0 c\u1ed5, khu du l\u1ecbch M\u1ef9 Kh\u00e1nh C\u1ea7n Th\u01a1 c\u00f2n l\u00e0ng ngh\u1ec1 truy\u1ec1n th\u1ed1ng l\u01b0u gi\u1eef nh\u1eefng \u0111\u1eb7c s\u1ea3n v\u00f9ng \u0111\u1ea5t ph\u01b0\u01a1ng Nam. Du kh\u00e1ch s\u1ebd \u0111\u01b0\u1ee3c t\u1eadn m\u1eaft ch\u1ee9ng ki\u1ebfn c\u00e1c b\u01b0\u1edbc\u00a0<strong>l\u00e0m b\u00e1nh tr\u00e1ng, h\u1ee7 ti\u1ebfu hay quy tr\u00ecnh n\u1ea5u r\u01b0\u1ee3u th\u01a1m ngon<\/strong>. \u0110\u00e2y c\u0169ng s\u1ebd l\u00e0 nh\u1eefng m\u00f3n qu\u00e0 \u00fd ngh\u0129a \u0111\u1ec3 b\u1ea1n th\u01b0\u1edfng th\u1ee9c hay mua mang v\u1ec1 l\u00e0m qu\u00e0 t\u1eb7ng nh\u1eefng ng\u01b0\u1eddi th\u00e2n y\u00eau.<\/p>\n<p><img decoding=\"async\" src=\"https:\/\/statics.vinpearl.com\/khu-du-lich-my-khanh-can-tho-5_1624587780.jpg\" alt=\"khu du lich my khanh can tho\" data-align=\"center\" data-caption=\"Th\u01b0\u1edfng th\u1ee9c \u0111\u1eb7c s\u1ea3n h\u1ee7 ti\u1ebfu v\u00e0 g\u1eb7p ngh\u1ec7 nh\u00e2n l\u00e0ng t\u1ea1i M\u1ef9 Kh\u00e1nh (Ngu\u1ed3n: L\u00e0ng du l\u1ecbch M\u1ef9 Kh\u00e1nh)\" data-entity-type=\"file\" data-entity-uuid=\"6575cc28-8a1c-4500-85bd-e61e09dcc5ca\" \/><i class=\"img_caption\">Th\u01b0\u1edfng th\u1ee9c \u0111\u1eb7c s\u1ea3n h\u1ee7 ti\u1ebfu v\u00e0 g\u1eb7p ngh\u1ec7 nh\u00e2n l\u00e0ng t\u1ea1i M\u1ef9 Kh\u00e1nh (Ngu\u1ed3n: L\u00e0ng du l\u1ecbch M\u1ef9 Kh\u00e1nh)<\/i><\/p>\n<h3 id=\"4.3.+Tham+quan+v\u01b0\u1eddn+c\u00e2y+tr\u0129u+qu\u1ea3+v\u00e0+th\u01b0\u1edfng+th\u1ee9c+c\u00e1c+hoa+qu\u1ea3+ngon+l\u00e0nh\u00a0\">4.3. Tham quan v\u01b0\u1eddn c\u00e2y tr\u0129u qu\u1ea3 v\u00e0 th\u01b0\u1edfng th\u1ee9c c\u00e1c hoa qu\u1ea3 ngon l\u00e0nh<\/h3>\n<p>V\u00f4 v\u00e0n lo\u1ea1i tr\u00e1i c\u00e2y \u0111\u1eb7c tr\u01b0ng c\u1ee7a mi\u1ec1n T\u00e2y \u0111\u1ec1u c\u00f3 t\u1ea1i v\u01b0\u1eddn du l\u1ecbch M\u1ef9 Kh\u00e1nh, v\u1edbi \u0111\u1ee7 c\u00e1c m\u00e0u s\u1eafc, c\u00e2y n\u00e0o c\u00e2y \u1ea5y tr\u0129u qu\u1ea3. B\u1ea1n ch\u1eafc ch\u1eafn s\u1ebd \u201choa m\u1eaft\u201d v\u1edbi nh\u1eefng h\u00e0ng xo\u00e0i, ch\u00f4m ch\u00f4m, m\u00edt&#8230; \u0111\u01b0\u1ee3c tr\u1ed3ng d\u1ecdc l\u1ed1i \u0111i, kh\u00f4ng ch\u1ec9 ng\u1eafm nh\u00ecn th\u00edch m\u1eaft b\u1ea1n c\u00f2n \u0111\u01b0\u1ee3c th\u01b0\u1edfng th\u1ee9c h\u01b0\u01a1ng v\u1ecb th\u01a1m ngon c\u1ee7a nh\u1eefng lo\u1ea1i qu\u1ea3 n\u00e0y. C\u00f2n g\u00ec tuy\u1ec7t v\u1eddi h\u01a1n khi b\u1ea1n v\u1eeba \u0111\u01b0\u1ee3c ng\u1eafm nh\u00ecn, \u0111\u01b0\u1ee3c th\u01b0\u1edfng th\u1ee9c tr\u00e1i c\u00e2y ngay t\u1ea1i v\u01b0\u1eddn.<\/p>\n<h3 id=\"4.4.+T\u1eadn+m\u1eaft+xem+bi\u1ec3u+di\u1ec5n+\u0111\u1eddn+ca+t\u00e0i+t\u1eed+Nam+B\u1ed9\">4.4. T\u1eadn m\u1eaft xem bi\u1ec3u di\u1ec5n \u0111\u1eddn ca t\u00e0i t\u1eed Nam B\u1ed9<\/h3>\n<p>Khu du l\u1ecbch M\u1ef9 Kh\u00e1nh C\u1ea7n Th\u01a1 l\u00e0 kh\u00f4ng gian th\u01b0\u1edfng th\u1ee9c \u0111\u1eddn ca t\u00e0i t\u1eed Nam B\u1ed9. Nh\u1eefng l\u00e0n \u0111i\u1ec7u n\u00e0y l\u00e0 n\u00e9t ngh\u1ec7 thu\u1eadt truy\u1ec1n th\u1ed1ng x\u1ee9 Nam K\u1ef3 v\u00e0o n\u0103m 2013, UNESCO \u0111\u00e3 c\u00f4ng nh\u1eadn \u0111\u00f3 l\u00e0 di s\u1ea3n v\u0103n h\u00f3a phi v\u1eadt th\u1ec3 c\u1ee7a nh\u00e2n lo\u1ea1i.<\/p>\n<h3 id=\"4.5.+Kh\u00e1m+ph\u00e1+v\u0103n+h\u00f3a+x\u01b0a+b\u1eb1ng+c\u00e1ch+h\u00f3a+th\u00e2n+t\u1ef1+l\u00e0m+\u0111i\u1ec1n+ch\u1ee7+m\u1ed9t+ng\u00e0y\">4.5. Kh\u00e1m ph\u00e1 v\u0103n h\u00f3a x\u01b0a b\u1eb1ng c\u00e1ch h\u00f3a th\u00e2n t\u1ef1 l\u00e0m \u0111i\u1ec1n ch\u1ee7 m\u1ed9t ng\u00e0y<\/h3>\n<p>\u0110\u1ebfn v\u1edbi khu du l\u1ecbch sinh th\u00e1i M\u1ef9 Kh\u00e1nh C\u1ea7n Th\u01a1, du kh\u00e1ch c\u00f2n \u0111\u01b0\u1ee3c h\u00f3a th\u00e2n th\u00e0nh nh\u1eefng ch\u1ee7 \u0111i\u1ec1n, \u201ctr\u1edf v\u1ec1\u201d \u0111\u00fang l\u1ed1i s\u1ed1ng th\u1eddi x\u01b0a v\u1edbi \u00e1o b\u00e0 ba, nh\u00e0 c\u1eeda r\u1ed9ng l\u1edbn c\u00f9ng k\u1ebb h\u1ea7u ng\u01b0\u1eddi h\u1ea1. Tr\u1ea3i nghi\u1ec7m c\u00f2n t\u00e1i hi\u1ec7n r\u1ea5t ch\u00e2n th\u1ef1c khi b\u1ea1n \u0111\u01b0\u1ee3c di chuy\u1ec3n b\u1eb1ng xe ng\u1ef1a hay l\u1ed9i m\u01b0\u01a1ng b\u1eaft c\u00e1.<\/p>\n<p><img decoding=\"async\" src=\"https:\/\/statics.vinpearl.com\/khu-du-lich-my-khanh-can-tho-8_1624587874.jpg\" alt=\"khu du lich my khanh can tho\" data-align=\"center\" data-caption=\"Tr\u1ea3i nghi\u1ec7m l\u00e0m ch\u1ee7 \u0111\u1ed3n \u0111i\u1ec1n \u0111\u1ea7y th\u00fa v\u1ecb khi \u0111\u1ebfn v\u1edbi l\u00e0ng du l\u1ecbch M\u1ef9 Kh\u00e1nh (Ngu\u1ed3n: L\u00e0ng du l\u1ecbch M\u1ef9 Kh\u00e1nh)\" data-entity-type=\"file\" data-entity-uuid=\"6136bd70-8e4b-4c00-8f05-032c30dfd1e8\" \/><i class=\"img_caption\">Tr\u1ea3i nghi\u1ec7m l\u00e0m ch\u1ee7 \u0111\u1ed3n \u0111i\u1ec1n \u0111\u1ea7y th\u00fa v\u1ecb khi \u0111\u1ebfn v\u1edbi l\u00e0ng du l\u1ecbch M\u1ef9 Kh\u00e1nh (Ngu\u1ed3n: L\u00e0ng du l\u1ecbch M\u1ef9 Kh\u00e1nh<\/i><\/p>\n<h3>4.6. Xem cu\u1ed9c \u0111ua c\u1ee7a m\u1ed9t s\u1ed1 lo\u00e0i v\u1eadt<\/h3>\n<p>L\u00e0ng du l\u1ecbch M\u1ef9 Kh\u00e1nh c\u00f2n l\u00e0m b\u1ea1n b\u1ea5t ng\u1edd v\u1edbi kh\u00f4ng kh\u00ed n\u00e1o nhi\u1ec7t t\u1eeb nh\u1eefng tr\u01b0\u1eddng \u0111ua. \u0110\u1eb7c bi\u1ec7t, nh\u1eefng heo con \u1ee7n \u1ec9n hay nh\u1eefng ch\u00fa ch\u00f3 tinh ranh ch\u00ednh l\u00e0 nh\u00e2n v\u1eadt ch\u00ednh c\u1ee7a cu\u1ed9c thi c\u1ef1c k\u1ef3 gay c\u1ea5n, h\u1ea5p d\u1eabn. B\u1ea1n c\u00f3 th\u1ec3 mua v\u00e9 c\u00e1 c\u01b0\u1ee3c cho nh\u1eefng \u201c\u1ee9ng vi\u00ean\u201d m\u00e0 b\u1ea1n tin t\u01b0\u1edfng s\u1ebd v\u1ec1 \u0111\u00edch s\u1edbm nh\u1ea5t.<\/p>\n<h3 id=\"4.7.+Tr\u1ea3i+nghi\u1ec7m+m\u1ed9t+s\u1ed1+ho\u1ea1t+\u0111\u1ed9ng+vui+ch\u01a1i+th\u00fa+v\u1ecb+kh\u00e1c\">4.7. Tr\u1ea3i nghi\u1ec7m m\u1ed9t s\u1ed1 ho\u1ea1t \u0111\u1ed9ng vui ch\u01a1i th\u00fa v\u1ecb kh\u00e1c<\/h3>\n<p>B\u00ean c\u1ea1nh \u0111\u00f3, khu du l\u1ecbch M\u1ef9 Kh\u00e1nh C\u1ea7n Th\u01a1 c\u00f2n c\u00f3 nhi\u1ec1u ho\u1ea1t \u0111\u1ed9ng h\u1ea5p d\u1eabn nh\u01b0 xem xi\u1ebfc, c\u00e2u c\u00e1, xem phim 6D,&#8230; Du kh\u00e1ch t\u1eadn m\u1eaft ch\u1ee9ng ki\u1ebfn nh\u1eefng m\u00e0n xi\u1ebfc \u1ea5n t\u01b0\u1ee3ng hay t\u1ef1 tay cho c\u00e1 b\u00fa b\u00ecnh \u0111\u1ea7y th\u00fa v\u1ecb.<\/p>\n<p><img decoding=\"async\" src=\"https:\/\/statics.vinpearl.com\/khu-du-lich-my-khanh-can-tho-10_1624587934.jpg\" alt=\"khu du lich my khanh can tho\" data-align=\"center\" data-caption=\"Khu du l\u1ecbch M\u1ef9 Kh\u00e1nh \u1edf C\u1ea7n Th\u01a1 c\u00f3 v\u00f4 v\u00e0n tr\u1ea3i nghi\u1ec7m th\u00fa v\u1ecb&amp;nbsp;(Ngu\u1ed3n: L\u00e0ng du l\u1ecbch M\u1ef9 Kh\u00e1nh)\" data-entity-type=\"file\" data-entity-uuid=\"b0b1b020-4c83-4476-877c-74bc0f977627\" \/><i class=\"img_caption\">Khu du l\u1ecbch M\u1ef9 Kh\u00e1nh \u1edf C\u1ea7n Th\u01a1 c\u00f3 v\u00f4 v\u00e0n tr\u1ea3i nghi\u1ec7m th\u00fa v\u1ecb\u00a0(Ngu\u1ed3n: L\u00e0ng du l\u1ecbch M\u1ef9 Kh\u00e1nh)<\/i><\/p>\n<h2 id=\"5.+\u0102n+u\u1ed1ng+g\u00ec+khi+\u0111\u1ebfn+v\u01b0\u1eddn+du+l\u1ecbch+M\u1ef9+Kh\u00e1nh?\">5. \u0102n u\u1ed1ng g\u00ec khi \u0111\u1ebfn v\u01b0\u1eddn du l\u1ecbch M\u1ef9 Kh\u00e1nh?<\/h2>\n<p>S\u1ebd th\u1eadt \u0111\u00e1ng ti\u1ebfc n\u1ebfu \u0111i du l\u1ecbch M\u1ef9 Kh\u00e1nh C\u1ea7n Th\u01a1 m\u00e0 b\u1ecf qua tr\u1ea3i nghi\u1ec7m \u1ea9m th\u1ef1c c\u1ee7a v\u00f9ng s\u00f4ng n\u01b0\u1edbc n\u01a1i \u0111\u00e2y. Nh\u1eefng m\u00f3n \u0103n \u0111\u1ec1u l\u00e0 \u0111\u1eb7c s\u1ea3n tr\u1ee9 danh v\u00f9ng s\u00f4ng n\u01b0\u1edbc T\u00e2y Nam B\u1ed9. Khi t\u1edbi khu du l\u1ecbch M\u1ef9 Kh\u00e1nh C\u1ea7n Th\u01a1 du kh\u00e1ch \u0111\u1eebng qu\u00ean th\u01b0\u1edfng th\u1ee9c c\u00e1c m\u00f3n \u0111\u1eb7c s\u1ea3n: c\u00e1 l\u00f3c n\u01b0\u1edbng, l\u1ea9u m\u1eafm, b\u00fan n\u01b0\u1edbc l\u00e8o, c\u00e1 r\u00f4 kho t\u1ed9, l\u1ea9u ri\u00eau cua,&#8230;<\/p>\n<p><img decoding=\"async\" src=\"https:\/\/statics.vinpearl.com\/khu-du-lich-my-khanh-can-tho-11_1624587974.jpg\" alt=\"khu du lich my khanh can tho\" data-align=\"center\" data-caption=\"Khu v\u1ef1c nh\u00e0 h\u00e0ng v\u1edbi nhi\u1ec1u m\u00f3n \u0111\u1eb7c s\u1ea3n th\u01a1m ngon t\u1ea1i khu du l\u1ecbch M\u1ef9 Kh\u00e1nh th\u00e0nh ph\u1ed1 C\u1ea7n Th\u01a1 (Ngu\u1ed3n: L\u00e0ng du l\u1ecbch M\u1ef9 Kh\u00e1nh)\" data-entity-type=\"file\" data-entity-uuid=\"57273409-dbf0-4dae-bcd9-57ee72bab255\" \/><i class=\"img_caption\">Khu v\u1ef1c nh\u00e0 h\u00e0ng v\u1edbi nhi\u1ec1u m\u00f3n \u0111\u1eb7c s\u1ea3n th\u01a1m ngon t\u1ea1i khu du l\u1ecbch M\u1ef9 Kh\u00e1nh th\u00e0nh ph\u1ed1 C\u1ea7n Th\u01a1 (Ngu\u1ed3n: L\u00e0ng du l\u1ecbch M\u1ef9 Kh\u00e1nh)<\/i><\/p>\n<h2 id=\"7.+Tham+kh\u1ea3o+m\u1ed9t+s\u1ed1+\u0111\u1ecba+\u0111i\u1ec3m+vui+ch\u01a1i+g\u1ea7n+khu+du+l\u1ecbch+M\u1ef9+Kh\u00e1nh+th\u00e0nh+ph\u1ed1+C\u1ea7n+Th\u01a1\">6. Tham kh\u1ea3o m\u1ed9t s\u1ed1 \u0111\u1ecba \u0111i\u1ec3m vui ch\u01a1i g\u1ea7n khu du l\u1ecbch M\u1ef9 Kh\u00e1nh th\u00e0nh ph\u1ed1 C\u1ea7n Th\u01a1<\/h2>\n<h3 id=\"7.1.+Ch\u1ee3+n\u1ed5i+C\u00e1i+R\u0103ng\">6.1. Ch\u1ee3 n\u1ed5i C\u00e1i R\u0103ng<\/h3>\n<p>N\u1ebfu t\u1edbi khu du l\u1ecbch M\u1ef9 Kh\u00e1nh \u1edf C\u1ea7n Th\u01a1 b\u1eb1ng \u0111\u01b0\u1eddng th\u1ee7y, b\u1ea1n c\u00f3 th\u1ec3 \u201cch\u1ea1m m\u1eb7t\u201d ch\u1ee3 n\u1ed5i C\u00e1i R\u0103ng. Khu ch\u1ee3 l\u00e0 n\u01a1i trao \u0111\u1ed5i h\u00e0ng n\u00f4ng s\u1ea3n, tr\u00e1i c\u00e2y v\u00e0 th\u1ef1c ph\u1ea9m. H\u00e0ng h\u00f3a \u0111\u01b0\u1ee3c b\u00e0y tr\u00ean xu\u1ed3ng, ghe, v\u1ecf l\u00e3i,&#8230; \u0110\u00e2y c\u0169ng l\u00e0 m\u1ed9t trong nh\u1eefng \u0111i\u1ec3m tham quan n\u1ed5i b\u1eadt c\u1ee7a C\u1ea7n Th\u01a1.<\/p>\n<p><img decoding=\"async\" src=\"https:\/\/statics.vinpearl.com\/khu-du-lich-my-khanh-can-tho-13_1624588029.jpg\" alt=\"khu du lich my khanh can tho\" data-align=\"center\" data-caption=\"Ch\u1ee3 n\u1ed5i C\u00e1i R\u0103ng - \u0111i\u1ec1m tham quan th\u00fa v\u1ecb t\u1ea1i C\u1ea7n Th\u01a1&amp;nbsp;(Ngu\u1ed3n: S\u01b0u t\u1ea7m)\" data-entity-type=\"file\" data-entity-uuid=\"88c0cc89-2e1a-4c23-b815-deaa111025c5\" \/><i class=\"img_caption\">Ch\u1ee3 n\u1ed5i C\u00e1i R\u0103ng &#8211; \u0111i\u1ec1m tham quan th\u00fa v\u1ecb t\u1ea1i C\u1ea7n Th\u01a1\u00a0(Ngu\u1ed3n: S\u01b0u t\u1ea7m)<\/i><\/p>\n<h3 id=\"7.2.+Thi\u1ec1n+vi\u1ec7n+Tr\u00fac+L\u00e2m+Ph\u01b0\u01a1ng+Nam\">6.2. Thi\u1ec1n vi\u1ec7n Tr\u00fac L\u00e2m Ph\u01b0\u01a1ng Nam<\/h3>\n<p>N\u1eb1m g\u1ea7n khu du l\u1ecbch M\u1ef9 Kh\u00e1nh C\u1ea7n Th\u01a1 c\u00f2n c\u00f3 thi\u1ec1n vi\u1ec7n Tr\u00fac L\u00e2m Ph\u01b0\u01a1ng Nam. Ngo\u00e0i khu\u00f4n vi\u00ean thi\u1ec1n vi\u1ec7n, n\u01a1i n\u00e0y c\u00f2n c\u00f3 v\u01b0\u1eddn c\u00e2y xanh m\u01b0\u1edbt m\u00e1t, \u0111\u00e2y l\u00e0 n\u01a1i x\u1ee9ng \u0111\u00e1ng \u0111\u1ec3 th\u01b0 th\u00e1i, t\u00ecm th\u1ea5y c\u1ea3m gi\u00e1c an y\u00ean.<\/p>\n<p><img decoding=\"async\" src=\"https:\/\/statics.vinpearl.com\/khu-du-lich-my-khanh-can-tho-14_1624588054.jpg\" alt=\"khu du lich my khanh can tho\" data-align=\"center\" data-caption=\"Thi\u1ec1n vi\u1ec7n Tr\u00fac L\u00e2m Ph\u01b0\u01a1ng Nam c\u00f3 khu\u00f4n vi\u00ean r\u1ed9ng l\u1edbn (Ngu\u1ed3n: S\u01b0u t\u1ea7m)\" data-entity-type=\"file\" data-entity-uuid=\"b90ed421-cb51-4b63-8996-157339980239\" \/><i class=\"img_caption\">Thi\u1ec1n vi\u1ec7n Tr\u00fac L\u00e2m Ph\u01b0\u01a1ng Nam c\u00f3 khu\u00f4n vi\u00ean r\u1ed9ng l\u1edbn (Ngu\u1ed3n: S\u01b0u t\u1ea7m)<\/i><\/p>\n<h3 id=\"7.3.+Ch\u00f9a+\u00d4ng\">6.3. Ch\u00f9a \u00d4ng<\/h3>\n<p>Ch\u00f9a \u00d4ng hay c\u00f2n \u0111\u01b0\u1ee3c bi\u1ebft \u0111\u1ebfn v\u1edbi t\u00ean g\u1ecdi mi\u1ebfu Quan \u0110\u1ebf hay Ngh\u0129a An h\u1ed9i qu\u00e1n. N\u01a1i \u0111\u00e2y th\u1ec3 hi\u1ec7n n\u00e9t v\u0103n h\u00f3a ki\u1ebfn tr\u00fac t\u00e2m linh \u0111\u1ed9c \u0111\u00e1o c\u1ee7a ng\u01b0\u1eddi Hoa. Du kh\u00e1ch c\u00f3 th\u1ec3 gh\u00e9 tham quan v\u00e0 c\u1ea7u b\u00ecnh an cho gia \u0111\u00ecnh.<\/p>\n<p><img decoding=\"async\" src=\"https:\/\/statics.vinpearl.com\/khu-du-lich-my-khanh-can-tho-15_1624588076.jpg\" alt=\"khu du lich my khanh can tho\" data-align=\"center\" data-caption=\"Ch\u00f9a \u00d4ng C\u1ea7n Th\u01a1 th\u1ec3 hi\u1ec7n v\u0103n h\u00f3a t\u00e2m linh ng\u01b0\u1eddi Hoa (Ngu\u1ed3n: S\u01b0u t\u1ea7m)\" data-entity-type=\"file\" data-entity-uuid=\"62558a3a-7109-4672-a5a5-495864a69ec6\" \/><i class=\"img_caption\">Ch\u00f9a \u00d4ng C\u1ea7n Th\u01a1 th\u1ec3 hi\u1ec7n v\u0103n h\u00f3a t\u00e2m linh ng\u01b0\u1eddi Hoa (Ngu\u1ed3n: S\u01b0u t\u1ea7m)<\/i><\/p>\n<h3 id=\"7.4.+Nh\u00e0+c\u1ed5+B\u00ecnh+Th\u1ee7y\">6.4. Nh\u00e0 c\u1ed5 B\u00ecnh Th\u1ee7y<\/h3>\n<p>Ngo\u00e0i khu du l\u1ecbch M\u1ef9 Kh\u00e1nh C\u1ea7n Th\u01a1, nh\u00e0 c\u1ed5 B\u00ecnh Th\u1ee7y c\u0169ng l\u00e0 n\u01a1i l\u01b0u tr\u1eef gi\u00e1 tr\u1ecb ki\u1ebfn tr\u00fac l\u00e2u \u0111\u1eddi. C\u0103n nh\u00e0 c\u1ed5 h\u01a1n tr\u0103m tu\u1ed5i mang v\u1ebb \u0111\u1eb9p nh\u1ea5t nh\u00ec x\u1ee9 T\u00e2y \u0110\u00f4, c\u00f4ng tr\u00ecnh \u0111\u00e3 \u0111\u01b0\u1ee3c l\u1ef1a ch\u1ecdn l\u00e0m b\u1ed1i c\u1ea3nh cho nhi\u1ec1u t\u00e1c ph\u1ea9m phim \u1ea3nh.<\/p>\n<p><img decoding=\"async\" src=\"https:\/\/statics.vinpearl.com\/khu-du-lich-my-khanh-can-tho-16_1624588108.jpg\" alt=\"khu du lich my khanh can tho\" data-align=\"center\" data-caption=\"Nh\u00e0 c\u1ed5 B\u00ecnh Th\u1ee7y l\u01b0u tr\u1eef n\u00e9t ki\u1ebfn tr\u00fac c\u1ed5 x\u01b0a x\u1ee9 T\u00e2y \u0110\u00f4&amp;nbsp;(Ngu\u1ed3n: S\u01b0u t\u1ea7m)\" data-entity-type=\"file\" data-entity-uuid=\"a767c42d-7b15-44e0-b25a-069a3c451fd0\" \/><\/p>\n<p><i class=\"img_caption\">Nh\u00e0 c\u1ed5 B\u00ecnh Th\u1ee7y l\u01b0u tr\u1eef n\u00e9t ki\u1ebfn tr\u00fac c\u1ed5 x\u01b0a x\u1ee9 T\u00e2y \u0110\u00f4\u00a0(Ngu\u1ed3n: S\u01b0u t\u1ea7m)<\/i><\/p>\n<p>Ngo\u00e0i nh\u1eefng \u0111i\u1ec3m \u0111\u1ebfn k\u1ec3 tr\u00ean, mi\u1ec1n s\u00f4ng n\u01b0\u1edbc C\u1ea7n Th\u01a1 c\u00f2n c\u00f3 v\u00f4 v\u00e0n \u0111i\u1ec3m du l\u1ecbch h\u1ea5p d\u1eabn kh\u00e1c. \u0110\u1eb7c bi\u1ec7t,\u00a0Sheraton Can Tho l\u00e0 \u0111i\u1ec3m d\u1eebng ch\u00e2n \u0111\u01b0\u1ee3c nhi\u1ec1u du kh\u00e1ch l\u1ef1a ch\u1ecdn. Ti\u1ec7n nghi cao c\u1ea5p, ph\u00f2ng \u1ed1c \u0111\u1eb9p c\u00f9ng ch\u1ea5t l\u01b0\u1ee3ng d\u1ecbch v\u1ee5 top \u0111\u1ea7u ch\u00ednh l\u00e0 \u0111i\u1ec3m c\u1ed9ng cho chu\u1ed7i kh\u00e1ch s\u1ea1n.<\/p>\n<div class=\"sku-item checked\">\n<div class=\"hotel-wrapper promo-wrapper hotel-api\">\n<div class=\"hotel-img-wrapper\">\n<div id=\"carousel-caad\" class=\"carousel slide\" data-ride=\"carousel\" data-interval=\"false\">\n<div class=\"carousel-inner\"><\/div>\n<\/div>\n<\/div>\n<\/div>\n<\/div>","protected":false},"excerpt":{"rendered":"<p>Th\u00e0nh l\u1eadp v\u00e0o n\u0103m 1996, tr\u1ea3i qua h\u01a1n 25 n\u0103m ho\u1ea1t \u0111\u1ed9ng, ph\u00e1t tri\u1ec3n, L\u00e0ng du l\u1ecbch M\u1ef9 Kh\u00e1nh \u0111\u01b0\u1ee3c<\/p>","protected":false},"featured_media":18186,"comment_status":"closed","ping_status":"closed","template":"","meta":{"_acf_changed":false},"product_cat":[343,482],"product_tag":[],"class_list":{"0":"post-18184","1":"product","2":"type-product","3":"status-publish","4":"has-post-thumbnail","6":"product_cat-du-lich","7":"product_cat-khu-vuc-mien-nam","9":"first","10":"instock","11":"shipping-taxable","12":"product-type-simple"},"acf":[],"_links":{"self":[{"href":"https:\/\/fairs.vn\/en\/wp-json\/wp\/v2\/product\/18184","targetHints":{"allow":["GET"]}}],"collection":[{"href":"https:\/\/fairs.vn\/en\/wp-json\/wp\/v2\/product"}],"about":[{"href":"https:\/\/fairs.vn\/en\/wp-json\/wp\/v2\/types\/product"}],"replies":[{"embeddable":true,"href":"https:\/\/fairs.vn\/en\/wp-json\/wp\/v2\/comments?post=18184"}],"version-history":[{"count":0,"href":"https:\/\/fairs.vn\/en\/wp-json\/wp\/v2\/product\/18184\/revisions"}],"wp:featuredmedia":[{"embeddable":true,"href":"https:\/\/fairs.vn\/en\/wp-json\/wp\/v2\/media\/18186"}],"wp:attachment":[{"href":"https:\/\/fairs.vn\/en\/wp-json\/wp\/v2\/media?parent=18184"}],"wp:term":[{"taxonomy":"product_cat","embeddable":true,"href":"https:\/\/fairs.vn\/en\/wp-json\/wp\/v2\/product_cat?post=18184"},{"taxonomy":"product_tag","embeddable":true,"href":"https:\/\/fairs.vn\/en\/wp-json\/wp\/v2\/product_tag?post=18184"}],"curies":[{"name":"wp","href":"https:\/\/api.w.org\/{rel}","templated":true}]}}