{"id":15113,"date":"2024-04-03T10:06:12","date_gmt":"2024-04-03T03:06:12","guid":{"rendered":"https:\/\/fairs.vn\/?post_type=product&#038;p=15113"},"modified":"2024-04-03T10:06:13","modified_gmt":"2024-04-03T03:06:13","slug":"bo-mot-nang-an-lien-dang-mieng","status":"publish","type":"product","link":"https:\/\/fairs.vn\/en\/product\/bo-mot-nang-an-lien-dang-mieng\/","title":{"rendered":"B\u00f2 M\u1ed9t N\u1eafng \u0102n Li\u1ec1n (D\u1ea1ng Mi\u1ebfng)"},"content":{"rendered":"<p>&#8211; Kh\u00f4 B\u00f2 Mi\u1ebfng \u0111\u01b0\u1ee3c l\u00e0m t\u1eeb th\u1ecbt nguy\u00ean ch\u1ea5t, ch\u1ebf bi\u1ebfn theo h\u01b0\u01a1ng v\u1ecb gia truy\u1ec1n v\u1edbi m\u00e1y m\u00f3c hi\u1ec7n \u0111\u1ea1i mang \u0111\u1ebfn h\u01b0\u01a1ng v\u1ecb \u0111\u1eadm \u0111\u00e0 v\u00e0 h\u1ee3p kh\u1ea9u v\u1ecb nhi\u1ec1u ng\u01b0\u1eddi. &#8211; Kh\u00f4 b\u00f2 mi\u1ebfng c\u00f3 th\u1ec3 s\u1eed d\u1ee5ng l\u00e0m m\u00f3n \u0103n ch\u01a1i, b\u00e1nh tr\u00e1ng tr\u1ed9n, nh\u0103m nhi r\u01b0\u1ee3u bia. &#8211; Th\u1ecbt \u0111\u01b0\u1ee3c l\u1ef1a ch\u1ecdn k\u1ef9 l\u01b0\u1ee1ng, t\u1ea9m gia v\u1ecb, s\u1ea5y kh\u00f4 gi\u00fap gi\u1eef h\u01b0\u01a1ng v\u1ecb t\u1ef1 nhi\u00ean, m\u1ec1m dai, v\u1eeba \u0103n v\u00e0 kh\u00f4ng kh\u00f4 c\u1ee9ng.<\/p>","protected":false},"excerpt":{"rendered":"<p>&#8211; Kh\u00f4 B\u00f2 Mi\u1ebfng \u0111\u01b0\u1ee3c l\u00e0m t\u1eeb th\u1ecbt nguy\u00ean ch\u1ea5t, ch\u1ebf bi\u1ebfn theo h\u01b0\u01a1ng v\u1ecb gia truy\u1ec1n v\u1edbi m\u00e1y m\u00f3c<\/p>","protected":false},"featured_media":15114,"comment_status":"open","ping_status":"closed","template":"","meta":{"_acf_changed":false},"product_cat":[317,366,398,22,313],"product_tag":[],"class_list":{"0":"post-15113","1":"product","2":"type-product","3":"status-publish","4":"has-post-thumbnail","6":"product_cat-che-bien-tu-thit-trung-sua-thuy-san-cac-san-pham-tu-mat-ong-mat-khac-va-nong-san-thuc-pham-khac","7":"product_cat-hang-cnnt-cap-qg","8":"product_cat-san-pham-cnnt-tb-cap-qg-2021","9":"product_cat-sanphamthucpham","10":"product_cat-thuc-pham-che-bien","12":"first","13":"instock","14":"shipping-taxable","15":"product-type-simple"},"acf":[],"_links":{"self":[{"href":"https:\/\/fairs.vn\/en\/wp-json\/wp\/v2\/product\/15113","targetHints":{"allow":["GET"]}}],"collection":[{"href":"https:\/\/fairs.vn\/en\/wp-json\/wp\/v2\/product"}],"about":[{"href":"https:\/\/fairs.vn\/en\/wp-json\/wp\/v2\/types\/product"}],"replies":[{"embeddable":true,"href":"https:\/\/fairs.vn\/en\/wp-json\/wp\/v2\/comments?post=15113"}],"version-history":[{"count":0,"href":"https:\/\/fairs.vn\/en\/wp-json\/wp\/v2\/product\/15113\/revisions"}],"wp:featuredmedia":[{"embeddable":true,"href":"https:\/\/fairs.vn\/en\/wp-json\/wp\/v2\/media\/15114"}],"wp:attachment":[{"href":"https:\/\/fairs.vn\/en\/wp-json\/wp\/v2\/media?parent=15113"}],"wp:term":[{"taxonomy":"product_cat","embeddable":true,"href":"https:\/\/fairs.vn\/en\/wp-json\/wp\/v2\/product_cat?post=15113"},{"taxonomy":"product_tag","embeddable":true,"href":"https:\/\/fairs.vn\/en\/wp-json\/wp\/v2\/product_tag?post=15113"}],"curies":[{"name":"wp","href":"https:\/\/api.w.org\/{rel}","templated":true}]}}