{"id":14985,"date":"2024-04-03T08:48:02","date_gmt":"2024-04-03T01:48:02","guid":{"rendered":"https:\/\/fairs.vn\/?post_type=product&#038;p=14985"},"modified":"2024-04-23T15:22:09","modified_gmt":"2024-04-23T08:22:09","slug":"bun-ngo-thuan-anh","status":"publish","type":"product","link":"https:\/\/fairs.vn\/en\/product\/bun-ngo-thuan-anh\/","title":{"rendered":"B\u00fan Ng\u00f4 Thu\u1eadn Anh"},"content":{"rendered":"<div>\n<p>Mang h\u01b0\u01a1ng th\u01a1m d\u1ecbu t\u1eeb nh\u1eefng h\u1ea1t b\u1eafp ch\u00edn v\u00e0ng, b\u00fan ng\u00f4 Thu\u1eadn Anh s\u1ebd gi\u00fap m\u00f3n \u0103n quen thu\u1ed9c c\u1ee7a nhi\u1ec1u gia \u0111\u00ecnh tr\u1edf n\u00ean th\u01a1m ngon v\u00e0 \u0111\u1ed9c \u0111\u00e1o h\u01a1n.<\/p>\n<p>V\u1ed1n c\u0169ng l\u00e0 m\u1ed9t trong nh\u1eefng lo\u1ea1i l\u01b0\u01a1ng th\u1ef1c tr\u1ecdng y\u1ebfu \u0111\u1ed1i v\u1edbi ng\u01b0\u1eddi x\u01b0a, b\u1eafp ch\u1ee9a nhi\u1ec1u dinh d\u01b0\u1ee1ng v\u00e0 ch\u1ea5t x\u01a1. Thu\u1eadn Anh \u0111\u00e3 k\u1ebft h\u1ee3p nguy\u00ean li\u1ec7u n\u00e0y c\u00f9ng g\u1ea1o Bao Thai th\u01a1m m\u1ec1m \u0111\u1ec3 t\u1ea1o ra s\u1ee3i b\u00fan ng\u00f4 v\u00e0ng \u01b0\u01a1m, dai m\u1ec1m v\u1eeba ph\u1ea3i. \u0110\u1eb7c bi\u1ec7t, s\u1ea3n ph\u1ea9m \u00edt b\u1ecb n\u00e1t hay m\u1ec1m nh\u0169n ngay c\u1ea3 khi n\u1ea5u trong th\u1eddi gian l\u00e2u, r\u1ea5t ph\u00f9 h\u1ee3p \u0111\u1ec3 ch\u1ebf bi\u1ebfn t\u1eeb m\u00f3n n\u01b0\u1edbc \u0111\u1ebfn m\u00f3n x\u00e0o kh\u00f4. H\u00e3y tho\u1ea3i m\u00e1i tr\u1ed5 t\u00e0i n\u1ea5u n\u01b0\u1edbng c\u1ee7a m\u00ecnh cho gia \u0111\u00ecnh th\u00e2n y\u00eau v\u1edbi m\u00f3n b\u00fan ng\u00f4 m\u1edbi l\u00e0 n\u00e0y t\u1eeb Thu\u1eadn Anh.<\/p>\n<\/div>\n<div class=\"chus__cart\">\n<div class=\"tab__content-title\">\n<div id=\"content_features\" class=\"ty-wysiwyg-content content-features\" data-ca-accordion-is-active-scroll-to-elm=\"1\">\n<div class=\"tab__content-title\">\n<h3>\u0110\u1eb7c t\u00ednh m\u00f4 t\u1ea3<\/h3>\n<\/div>\n<div class=\"ty-product-feature-group\">\n<p>&#8211; K\u00edch th\u01b0\u1edbc: 35 x 19cm<\/p>\n<p>&#8211; Kh\u1ed1i l\u01b0\u1ee3ng t\u1ecbnh: 400g<\/p>\n<p>&#8211; Th\u00e0nh ph\u1ea7n: Ng\u00f4 v\u00e0ng, g\u1ea1o Bao Thai, n\u01b0\u1edbc<\/p>\n<\/div>\n<\/div>\n<div id=\"content_chus_note\" class=\"ty-wysiwyg-content content-chus_note\" data-ca-accordion-is-active-scroll-to-elm=\"1\">\n<div class=\"tab__content-title\">\n<div class=\"tab__content-title\">\n<h3>Ch\u00fa th\u00edch<\/h3>\n<\/div>\n<p>1. H\u01b0\u1edbng d\u1eabn s\u1eed d\u1ee5ng:<\/p>\n<p>&#8211; Ng\u00e2m v\u1edbi n\u01b0\u1edbc 5-10 ph\u00fat r\u1ed3i lu\u1ed9c b\u00fan trong kho\u1ea3ng 3-5 ph\u00fat, v\u1edbt ra ng\u00e2m n\u01b0\u1edbc l\u1ea1nh<\/p>\n<p>&#8211; S\u1eed d\u1ee5ng \u0111\u1ec3 ch\u1ebf bi\u1ebfn m\u00f3n \u0103n theo s\u1edf th\u00edch: b\u00fan n\u01b0\u1edbc, b\u00fan x\u00e0o, nh\u00fang l\u1ea9u, n\u1ea5u spaghetti,&#8230;<\/p>\n<p>2. B\u1ea3o qu\u1ea3n: N\u01a1i kh\u00f4 r\u00e1o, tho\u00e1ng m\u00e1t<\/p>\n<p>3. H\u1ea1n s\u1eed d\u1ee5ng: 1 n\u0103m k\u1ec3 t\u1eeb ng\u00e0y s\u1ea3n xu\u1ea5t<\/p>\n<\/div>\n<\/div>\n<\/div>\n<\/div>","protected":false},"excerpt":{"rendered":"<p>Mang h\u01b0\u01a1ng th\u01a1m d\u1ecbu t\u1eeb nh\u1eefng h\u1ea1t b\u1eafp ch\u00edn v\u00e0ng, b\u00fan ng\u00f4 Thu\u1eadn Anh s\u1ebd gi\u00fap m\u00f3n \u0103n quen thu\u1ed9c<\/p>","protected":false},"featured_media":14986,"comment_status":"open","ping_status":"closed","template":"","meta":{"_acf_changed":false},"product_cat":[316,366,398,22,313],"product_tag":[],"class_list":{"0":"post-14985","1":"product","2":"type-product","3":"status-publish","4":"has-post-thumbnail","6":"product_cat-che-bien-tu-rau-cu-qua-hat","7":"product_cat-hang-cnnt-cap-qg","8":"product_cat-san-pham-cnnt-tb-cap-qg-2021","9":"product_cat-sanphamthucpham","10":"product_cat-thuc-pham-che-bien","12":"first","13":"instock","14":"shipping-taxable","15":"purchasable","16":"product-type-simple"},"acf":[],"_links":{"self":[{"href":"https:\/\/fairs.vn\/en\/wp-json\/wp\/v2\/product\/14985","targetHints":{"allow":["GET"]}}],"collection":[{"href":"https:\/\/fairs.vn\/en\/wp-json\/wp\/v2\/product"}],"about":[{"href":"https:\/\/fairs.vn\/en\/wp-json\/wp\/v2\/types\/product"}],"replies":[{"embeddable":true,"href":"https:\/\/fairs.vn\/en\/wp-json\/wp\/v2\/comments?post=14985"}],"version-history":[{"count":0,"href":"https:\/\/fairs.vn\/en\/wp-json\/wp\/v2\/product\/14985\/revisions"}],"wp:featuredmedia":[{"embeddable":true,"href":"https:\/\/fairs.vn\/en\/wp-json\/wp\/v2\/media\/14986"}],"wp:attachment":[{"href":"https:\/\/fairs.vn\/en\/wp-json\/wp\/v2\/media?parent=14985"}],"wp:term":[{"taxonomy":"product_cat","embeddable":true,"href":"https:\/\/fairs.vn\/en\/wp-json\/wp\/v2\/product_cat?post=14985"},{"taxonomy":"product_tag","embeddable":true,"href":"https:\/\/fairs.vn\/en\/wp-json\/wp\/v2\/product_tag?post=14985"}],"curies":[{"name":"wp","href":"https:\/\/api.w.org\/{rel}","templated":true}]}}