{"id":14960,"date":"2024-04-02T17:50:02","date_gmt":"2024-04-02T10:50:02","guid":{"rendered":"https:\/\/fairs.vn\/?post_type=product&#038;p=14960"},"modified":"2024-04-04T09:53:24","modified_gmt":"2024-04-04T02:53:24","slug":"may-hut-trau-nghien-phan-bon-ba-nanh-cong-nghe-tui-giu","status":"publish","type":"product","link":"https:\/\/fairs.vn\/en\/product\/may-hut-trau-nghien-phan-bon-ba-nanh-cong-nghe-tui-giu\/","title":{"rendered":"M\u00e1y h\u00fat tr\u1ea5u nghi\u1ec1n, ph\u00e2n b\u00f3n, b\u00e3 n\u00e0nh c\u00f4ng ngh\u1ec7 t\u00fai gi\u0169"},"content":{"rendered":"<p>C\u00f4ng su\u1ea5t s\u1ea3n xu\u1ea5t t\u1eeb 5 -30 t\u1ea5n\/gi\u1edd<\/p>\n<p>B\u1ea3o h\u00e0nh : 12 th\u00e1ng<\/p>","protected":false},"excerpt":{"rendered":"<p>C\u00f4ng su\u1ea5t s\u1ea3n xu\u1ea5t t\u1eeb 5 -30 t\u1ea5n\/gi\u1edd<\/p>\n<p>B\u1ea3o h\u00e0nh : 12 th\u00e1ng<\/p>","protected":false},"featured_media":14961,"comment_status":"open","ping_status":"closed","template":"","meta":{"_acf_changed":false},"product_cat":[366,447,348,392],"product_tag":[],"class_list":{"0":"post-14960","1":"product","2":"type-product","3":"status-publish","4":"has-post-thumbnail","6":"product_cat-hang-cnnt-cap-qg","7":"product_cat-san-pham-cnnt-tb-cap-qg-2017","8":"product_cat-thiet-bi-co-khi","9":"product_cat-thiet-bi-may-moc-khac","11":"first","12":"instock","13":"shipping-taxable","14":"product-type-simple"},"acf":[],"_links":{"self":[{"href":"https:\/\/fairs.vn\/en\/wp-json\/wp\/v2\/product\/14960","targetHints":{"allow":["GET"]}}],"collection":[{"href":"https:\/\/fairs.vn\/en\/wp-json\/wp\/v2\/product"}],"about":[{"href":"https:\/\/fairs.vn\/en\/wp-json\/wp\/v2\/types\/product"}],"replies":[{"embeddable":true,"href":"https:\/\/fairs.vn\/en\/wp-json\/wp\/v2\/comments?post=14960"}],"version-history":[{"count":0,"href":"https:\/\/fairs.vn\/en\/wp-json\/wp\/v2\/product\/14960\/revisions"}],"wp:featuredmedia":[{"embeddable":true,"href":"https:\/\/fairs.vn\/en\/wp-json\/wp\/v2\/media\/14961"}],"wp:attachment":[{"href":"https:\/\/fairs.vn\/en\/wp-json\/wp\/v2\/media?parent=14960"}],"wp:term":[{"taxonomy":"product_cat","embeddable":true,"href":"https:\/\/fairs.vn\/en\/wp-json\/wp\/v2\/product_cat?post=14960"},{"taxonomy":"product_tag","embeddable":true,"href":"https:\/\/fairs.vn\/en\/wp-json\/wp\/v2\/product_tag?post=14960"}],"curies":[{"name":"wp","href":"https:\/\/api.w.org\/{rel}","templated":true}]}}