{"id":13892,"date":"2024-04-01T15:37:16","date_gmt":"2024-04-01T08:37:16","guid":{"rendered":"https:\/\/fairs.vn\/?post_type=product&#038;p=13892"},"modified":"2024-04-01T15:37:49","modified_gmt":"2024-04-01T08:37:49","slug":"e-de-cafe-robusa-hat","status":"publish","type":"product","link":"https:\/\/fairs.vn\/en\/product\/e-de-cafe-robusa-hat\/","title":{"rendered":"\u00ca \u0110\u00ea cafe Robusa h\u1ea1t"},"content":{"rendered":"<p>C\u00e0 ph\u00ea h\u1ea1t rang Robusta\u00a0&#8211; m\u1ed9t h\u01b0\u01a1ng v\u1ecb \u0111\u1eadm \u0111\u00e0, m\u1ea1nh m\u1ebd v\u00e0 s\u1eafc n\u00e9t. V\u1edbi\u00a0h\u1ea1t c\u00e0 ph\u00ea ch\u1ea5t l\u01b0\u1ee3ng cao, \u0111\u01b0\u1ee3c rang t\u1ec9 m\u1ec9, s\u1ea3n ph\u1ea9m mang \u0111\u1ebfn cho b\u1ea1n tr\u1ea3i nghi\u1ec7m th\u01b0\u1edfng th\u1ee9c tuy\u1ec7t v\u1eddi. V\u1ecb \u0111\u1eafng nh\u1eb9 k\u1ebft h\u1ee3p v\u1edbi h\u01b0\u01a1ng th\u01a1m \u0111\u1eb7c tr\u01b0ng,\u00a0c\u00e0 ph\u00ea h\u1ea1t rang Robusta\u00a0l\u00e0 s\u1ef1 l\u1ef1a ch\u1ecdn ho\u00e0n h\u1ea3o \u0111\u1ec3 b\u1eaft \u0111\u1ea7u m\u1ed7i ng\u00e0y.<\/p>\n<p>1. Ngu\u1ed3n g\u1ed1c:<\/p>\n<p>S\u1ea3n ph\u1ea9m s\u1ea3n xu\u1ea5t t\u1eeb nguy\u00ean li\u1ec7u\u00a0c\u00e0 ph\u00ea Robusta\u00a0tr\u1ed3ng \u1edf \u0111\u1ed9 cao 600m T\u1ea1i Bu\u00f4n K\u2019La, x\u00e3 Dray S\u00e1p, Huy\u1ec7n Kr\u00f4ng Ana, t\u1ec9nh \u0110\u1eafk L\u1eafk.<\/p>\n<p>2. Th\u00e0nh Ph\u1ea7n:<\/p>\n<p>C\u00e0 ph\u00ea Robusta.<\/p>\n<p>3. Ch\u1ec9 ti\u00eau ch\u1ea5t l\u01b0\u1ee3ng:<\/p>\n<p>\u1ea8m \u0111\u1ed9 \u2264 5%, Cafein \u2265 1%.<\/p>\n<p>4. C\u00e1ch b\u1ea3o qu\u1ea3n:<\/p>\n<p>Gi\u1eef n\u01a1i kh\u00f4 m\u00e1t. Tr\u00e1nh \u00e1nh n\u0103ng tr\u1ef1c ti\u1ebfp.<\/p>\n<p>5. H\u01b0\u1edbng d\u1eabn s\u1eed d\u1ee5ng:<\/p>\n<p>&#8211; \u0110\u1ed1i v\u1edbi pha m\u00e1y: xay nhuy\u1ec5n\u00a0c\u00e0 ph\u00ea h\u1ea1t rang\u00a0r\u1ed3i pha ch\u1ebf.<\/p>\n<p>&#8211; \u0110\u1ed1i v\u1edbi pha phin: xay b\u1ed9t v\u1eeba r\u1ed3i pha ch\u1ebf.<\/p>\n<p>6. Th\u1eddi H\u1ea1n S\u1eed d\u1ee5ng:<\/p>\n<p>12 th\u00e1ng k\u1ec3 t\u1eeb ng\u00e0y s\u1ea3n xu\u1ea5t.<\/p>","protected":false},"excerpt":{"rendered":"<p>C\u00e0 ph\u00ea h\u1ea1t rang Robusta\u00a0&#8211; m\u1ed9t h\u01b0\u01a1ng v\u1ecb \u0111\u1eadm \u0111\u00e0, m\u1ea1nh m\u1ebd v\u00e0 s\u1eafc n\u00e9t. V\u1edbi\u00a0h\u1ea1t c\u00e0 ph\u00ea ch\u1ea5t l\u01b0\u1ee3ng<\/p>","protected":false},"featured_media":13900,"comment_status":"open","ping_status":"closed","template":"","meta":{"_acf_changed":false},"product_cat":[324,366,367,22],"product_tag":[],"class_list":{"0":"post-13892","1":"product","2":"type-product","3":"status-publish","4":"has-post-thumbnail","6":"product_cat-ca-phe-ca-cao","7":"product_cat-hang-cnnt-cap-qg","8":"product_cat-hang-cnnt-cap-qg-2023","9":"product_cat-sanphamthucpham","11":"first","12":"instock","13":"shipping-taxable","14":"purchasable","15":"product-type-simple"},"acf":[],"_links":{"self":[{"href":"https:\/\/fairs.vn\/en\/wp-json\/wp\/v2\/product\/13892","targetHints":{"allow":["GET"]}}],"collection":[{"href":"https:\/\/fairs.vn\/en\/wp-json\/wp\/v2\/product"}],"about":[{"href":"https:\/\/fairs.vn\/en\/wp-json\/wp\/v2\/types\/product"}],"replies":[{"embeddable":true,"href":"https:\/\/fairs.vn\/en\/wp-json\/wp\/v2\/comments?post=13892"}],"version-history":[{"count":0,"href":"https:\/\/fairs.vn\/en\/wp-json\/wp\/v2\/product\/13892\/revisions"}],"wp:featuredmedia":[{"embeddable":true,"href":"https:\/\/fairs.vn\/en\/wp-json\/wp\/v2\/media\/13900"}],"wp:attachment":[{"href":"https:\/\/fairs.vn\/en\/wp-json\/wp\/v2\/media?parent=13892"}],"wp:term":[{"taxonomy":"product_cat","embeddable":true,"href":"https:\/\/fairs.vn\/en\/wp-json\/wp\/v2\/product_cat?post=13892"},{"taxonomy":"product_tag","embeddable":true,"href":"https:\/\/fairs.vn\/en\/wp-json\/wp\/v2\/product_tag?post=13892"}],"curies":[{"name":"wp","href":"https:\/\/api.w.org\/{rel}","templated":true}]}}