{"id":13798,"date":"2024-04-01T14:46:44","date_gmt":"2024-04-01T07:46:44","guid":{"rendered":"https:\/\/fairs.vn\/?post_type=product&#038;p=13798"},"modified":"2024-04-01T14:47:50","modified_gmt":"2024-04-01T07:47:50","slug":"banh-hoi-dac-biet","status":"publish","type":"product","link":"https:\/\/fairs.vn\/en\/product\/banh-hoi-dac-biet\/","title":{"rendered":"B\u00c1NH H\u1eceI \u0110\u1eb6C BI\u1ec6T"},"content":{"rendered":"<p><strong>M\u00f4 t\u1ea3:<\/strong><\/p>\n<p>G\u1ed3m 3 lo\u1ea1i b\u00e1nh h\u1ecfi: b\u00e1nh h\u1ecfi g\u1ea1o huy\u1ebft r\u1ed3ng, b\u00e1nh h\u1ecfi g\u1ea5c, b\u00e1nh h\u1ecfi l\u00e1 d\u1ee9a<\/p>\n<p>&#8211; Th\u00e0nh ph\u1ea7n: g\u1ea1o, g\u1ea1o huy\u1ebft r\u1ed3ng, mu\u1ed1i, n\u01b0\u1edbc, l\u00e1 d\u1ee9a t\u01b0\u01a1 v\u00e0 th\u1ecbt g\u1ea5c t\u01b0\u01a1i<\/p>\n<p><strong>H\u01b0\u1edbng d\u1eabn s\u1eed d\u1ee5ng:\u00a0<\/strong><\/p>\n<p>+ Cho b\u00e1nh h\u1ecfi kh\u00f4 v\u00e0o m\u1ed9t d\u1ee5ng c\u1ee5 ch\u1ee9a<\/p>\n<p>+ Cho n\u01b0\u1edbc \u1edf nhi\u1ec7t \u0111\u1ed9 b\u00ecnh th\u01b0\u1eddng (nhi\u1ec7t \u0111\u1ed9 ph\u00f2ng) v\u00e0o d\u1ee5ng c\u1ee5 ch\u1ee9a b\u00e1nh h\u1ecfi \u0111\u1ebfn khi ng\u1eadp m\u1eb7t b\u00e1nh, ng\u00e2m b\u00e1nh kho\u1ea3ng 5-8 ph\u00fat, v\u1edbt ra \u0111\u1ec3 r\u00e1o 10 ph\u00fat<\/p>\n<p>+ S\u1eed d\u1ee5ng nh\u01b0 b\u00e1nh h\u1ecfi t\u01b0\u01a1i<\/p>\n<p>+ B\u00e1nh h\u1ecfi chi\u00ean gi\u00f2n: Chu\u1ea9n b\u1ecb d\u1ea7u chi\u00ean \u1edf nhi\u1ec7t \u0111\u1ed9 160 -170<sup>0<\/sup>C, cho b\u00e1nh h\u1ecfi kh\u00f4 v\u00e0o, khi b\u00e1nh n\u1edf \u0111\u1ec1u th\u00ec v\u1edbt ra, d\u00f9ng k\u00e8m v\u1edbi ch\u00e0 b\u00f4ng, t\u01b0\u01a1ng \u1edbt, m\u1eafm kho qu\u1eb9t&#8230;..t\u00f9y th\u00edch.<\/p>\n<p><strong>B\u1ea3o qu\u1ea3n:<\/strong><\/p>\n<p>&#8211; N\u01a1i kh\u00f4 r\u00e1o, tr\u00e1nh \u00e1nh n\u1eafng tr\u1ef1c ti\u1ebfp<\/p>\n<p><strong>Ch\u00fa \u00fd:<\/strong>\u00a0Sau khi g\u1ee1 b\u00e1nh ra \u0111\u1ec3 gi\u1eef cho b\u00e1nh kh\u1ecfi b\u1ecb kh\u00f4 trong 2-4 gi\u1edd b\u1ea1n ph\u1ea3i l\u1ea5y m\u00e0ng co th\u1ef1c ph\u1ea9m \u0111\u1eady \u0111\u0129a b\u00e1nh l\u1ea1i ho\u1eb7c \u0111\u1ec3 b\u00e1nh v\u00e0o trong h\u1ed9p nh\u1ef1a c\u00f3 n\u1eafp \u0111\u1eady.<\/p>\n<p>S\u1ea3n ph\u1ea9m c\u1ee7a c\u01a1 s\u1edf \u0111\u1ea1t ti\u00eau chu\u1ea9n An to\u00e0n V\u1ec7 sinh Th\u1ef1c ph\u1ea9m, c\u00f3 h\u00e0m l\u01b0\u1ee3ng \u0111\u1ea1m v\u01b0\u1ee3t tr\u1ed9i so v\u1edbi c\u00e1c s\u1ea3n ph\u1ea9m c\u00f9ng lo\u1ea1i. V\u1edbi c\u00e1ch s\u1eed d\u1ee5ng v\u00f4 c\u00f9ng ti\u1ec7n l\u1ee3i, c\u00f3 th\u1ec3 ph\u1ee5c v\u1ee5 c\u00f9ng l\u00fac nhi\u1ec1u ng\u01b0\u1eddi \u0103n, nhanh ch\u00f3ng \u0111\u00e1p \u1ee9ng m\u1ecdi l\u00fac, m\u1ecdi n\u01a1i, m\u1ecdi ng\u01b0\u1eddi \u0111\u1ec1u c\u00f3 th\u1ec3 l\u00e0m ra m\u1ed9t m\u00f3n \u0103n ho\u00e0n h\u1ea3o thu\u1ea7n t\u00fay Vi\u1ec7t Nam t\u1ed1t cho s\u1ee9c kh\u1ecfe.<\/p>\n<p><strong>Xu\u1ea5t x\u1ee9:<\/strong>\u00a0Sa \u0110\u00e9c, \u0110\u1ed3ng Th\u00e1p, Vi\u1ec7t Nam<\/p>\n<p><strong>H\u1ea1n s\u1eed d\u1ee5ng:\u00a0<\/strong>12 th\u00e1ng.<\/p>","protected":false},"excerpt":{"rendered":"<p><strong>M\u00f4 t\u1ea3:<\/strong><\/p>\n<p>G\u1ed3m 3 lo\u1ea1i b\u00e1nh h\u1ecfi: b\u00e1nh h\u1ecfi g\u1ea1o huy\u1ebft r\u1ed3ng, b\u00e1nh h\u1ecfi g\u1ea5c, b\u00e1nh h\u1ecfi l\u00e1 d\u1ee9a<\/p>\n<p>&#8211; Th\u00e0nh ph\u1ea7n: g\u1ea1o, g\u1ea1o huy\u1ebft r\u1ed3ng, mu\u1ed1i, n\u01b0\u1edbc, l\u00e1 d\u1ee9a t\u01b0\u01a1 v\u00e0 th\u1ecbt g\u1ea5c t\u01b0\u01a1i<\/p>\n<p><strong>H\u01b0\u1edbng d\u1eabn s\u1eed d\u1ee5ng:\u00a0<\/strong><\/p>\n<p>+ Cho b\u00e1nh h\u1ecfi kh\u00f4 v\u00e0o m\u1ed9t d\u1ee5ng c\u1ee5 ch\u1ee9a<\/p>\n<p>+ Cho n\u01b0\u1edbc \u1edf nhi\u1ec7t \u0111\u1ed9 b\u00ecnh th\u01b0\u1eddng (nhi\u1ec7t \u0111\u1ed9 ph\u00f2ng) v\u00e0o d\u1ee5ng c\u1ee5 ch\u1ee9a b\u00e1nh h\u1ecfi \u0111\u1ebfn khi ng\u1eadp m\u1eb7t b\u00e1nh, ng\u00e2m b\u00e1nh kho\u1ea3ng 5-8 ph\u00fat, v\u1edbt ra \u0111\u1ec3 r\u00e1o 10 ph\u00fat<\/p>\n<p>+ S\u1eed d\u1ee5ng nh\u01b0 b\u00e1nh h\u1ecfi t\u01b0\u01a1i<\/p>\n<p>+ B\u00e1nh h\u1ecfi chi\u00ean gi\u00f2n: Chu\u1ea9n b\u1ecb d\u1ea7u chi\u00ean \u1edf nhi\u1ec7t \u0111\u1ed9 160 -170<sup>0<\/sup>C, cho b\u00e1nh h\u1ecfi kh\u00f4 v\u00e0o, khi b\u00e1nh n\u1edf \u0111\u1ec1u th\u00ec v\u1edbt ra, d\u00f9ng k\u00e8m v\u1edbi ch\u00e0 b\u00f4ng, t\u01b0\u01a1ng \u1edbt, m\u1eafm kho qu\u1eb9t&#8230;..t\u00f9y th\u00edch.<\/p>\n<p><strong>B\u1ea3o qu\u1ea3n:<\/strong><\/p>\n<p>&#8211; N\u01a1i kh\u00f4 r\u00e1o, tr\u00e1nh \u00e1nh n\u1eafng tr\u1ef1c ti\u1ebfp<\/p>\n<p><strong>Ch\u00fa \u00fd:<\/strong>\u00a0Sau khi g\u1ee1 b\u00e1nh ra \u0111\u1ec3 gi\u1eef cho b\u00e1nh kh\u1ecfi b\u1ecb kh\u00f4 trong 2-4 gi\u1edd b\u1ea1n ph\u1ea3i l\u1ea5y m\u00e0ng co th\u1ef1c ph\u1ea9m \u0111\u1eady \u0111\u0129a b\u00e1nh l\u1ea1i ho\u1eb7c \u0111\u1ec3 b\u00e1nh v\u00e0o trong h\u1ed9p nh\u1ef1a c\u00f3 n\u1eafp \u0111\u1eady.<\/p>\n<p>S\u1ea3n ph\u1ea9m c\u1ee7a c\u01a1 s\u1edf \u0111\u1ea1t ti\u00eau chu\u1ea9n An to\u00e0n V\u1ec7 sinh Th\u1ef1c ph\u1ea9m, c\u00f3 h\u00e0m l\u01b0\u1ee3ng \u0111\u1ea1m v\u01b0\u1ee3t tr\u1ed9i so v\u1edbi c\u00e1c s\u1ea3n ph\u1ea9m c\u00f9ng lo\u1ea1i. V\u1edbi c\u00e1ch s\u1eed d\u1ee5ng v\u00f4 c\u00f9ng ti\u1ec7n l\u1ee3i, c\u00f3 th\u1ec3 ph\u1ee5c v\u1ee5 c\u00f9ng l\u00fac nhi\u1ec1u ng\u01b0\u1eddi \u0103n, nhanh ch\u00f3ng \u0111\u00e1p \u1ee9ng m\u1ecdi l\u00fac, m\u1ecdi n\u01a1i, m\u1ecdi ng\u01b0\u1eddi \u0111\u1ec1u c\u00f3 th\u1ec3 l\u00e0m ra m\u1ed9t m\u00f3n \u0103n ho\u00e0n h\u1ea3o thu\u1ea7n t\u00fay Vi\u1ec7t Nam t\u1ed1t cho s\u1ee9c kh\u1ecfe.<\/p>\n<p><strong>Xu\u1ea5t x\u1ee9:<\/strong>\u00a0Sa \u0110\u00e9c, \u0110\u1ed3ng Th\u00e1p, Vi\u1ec7t Nam<\/p>\n<p><strong>H\u1ea1n s\u1eed d\u1ee5ng:\u00a0<\/strong>12 th\u00e1ng.<\/p>","protected":false},"featured_media":13811,"comment_status":"open","ping_status":"closed","template":"","meta":{"_acf_changed":false},"product_cat":[315,366,398,22,313],"product_tag":[],"class_list":{"0":"post-13798","1":"product","2":"type-product","3":"status-publish","4":"has-post-thumbnail","6":"product_cat-che-bien-tu-gao-ngu-coc","7":"product_cat-hang-cnnt-cap-qg","8":"product_cat-san-pham-cnnt-tb-cap-qg-2021","9":"product_cat-sanphamthucpham","10":"product_cat-thuc-pham-che-bien","12":"first","13":"instock","14":"shipping-taxable","15":"product-type-simple"},"acf":[],"_links":{"self":[{"href":"https:\/\/fairs.vn\/en\/wp-json\/wp\/v2\/product\/13798","targetHints":{"allow":["GET"]}}],"collection":[{"href":"https:\/\/fairs.vn\/en\/wp-json\/wp\/v2\/product"}],"about":[{"href":"https:\/\/fairs.vn\/en\/wp-json\/wp\/v2\/types\/product"}],"replies":[{"embeddable":true,"href":"https:\/\/fairs.vn\/en\/wp-json\/wp\/v2\/comments?post=13798"}],"version-history":[{"count":0,"href":"https:\/\/fairs.vn\/en\/wp-json\/wp\/v2\/product\/13798\/revisions"}],"wp:featuredmedia":[{"embeddable":true,"href":"https:\/\/fairs.vn\/en\/wp-json\/wp\/v2\/media\/13811"}],"wp:attachment":[{"href":"https:\/\/fairs.vn\/en\/wp-json\/wp\/v2\/media?parent=13798"}],"wp:term":[{"taxonomy":"product_cat","embeddable":true,"href":"https:\/\/fairs.vn\/en\/wp-json\/wp\/v2\/product_cat?post=13798"},{"taxonomy":"product_tag","embeddable":true,"href":"https:\/\/fairs.vn\/en\/wp-json\/wp\/v2\/product_tag?post=13798"}],"curies":[{"name":"wp","href":"https:\/\/api.w.org\/{rel}","templated":true}]}}