{"id":12177,"date":"2024-03-29T09:57:19","date_gmt":"2024-03-29T02:57:19","guid":{"rendered":"https:\/\/fairs.vn\/?post_type=product&#038;p=12177"},"modified":"2024-04-19T10:02:51","modified_gmt":"2024-04-19T03:02:51","slug":"yen-sao-fly-super-kids","status":"publish","type":"product","link":"https:\/\/fairs.vn\/en\/product\/yen-sao-fly-super-kids\/","title":{"rendered":"Y\u1ebfn s\u00e0o Fly Super Kids"},"content":{"rendered":"<p>Y\u1ebfn S\u00e0o Fly Super Kids\u00a0\u0111\u01b0\u1ee3c ch\u1ebf bi\u1ebfn theo ph\u01b0\u01a1ng ph\u00e1p c\u1ed5 truy\u1ec1n k\u1ebft h\u1ee3p v\u1edbi khoa h\u1ecdc c\u00f4ng ngh\u1ec7 ti\u00ean ti\u1ebfn d\u00e2y chuy\u1ec1n thi\u1ebft b\u1ecb hi\u1ec7n \u0111\u1ea1i. S\u1ea3n ph\u1ea9m cung c\u1ea5p cho tr\u1ebb nhi\u1ec1u ch\u1ea5t dinh d\u01b0\u1ee1ng c\u1ea7n thi\u1ebft cho s\u1ef1 ph\u00e1t tri\u1ec3n c\u1ee7a tr\u1ebb nh\u01b0 axit amin, Fibruline, Lysine, Canxi,\u2026 gi\u00fap tr\u1ebb cao l\u1edbn, ch\u1eafc kho\u1ebb x\u01b0\u01a1ng, ti\u00eau ho\u00e1 v\u00e0 h\u1ea5p thu d\u01b0\u1ee1ng ch\u1ea5t t\u1ed1t h\u01a1n. Y\u1ebfn S\u00e0o Fly Super Kids l\u00e0 ch\u00eca kho\u00e1 nu\u00f4i con l\u1edbn kh\u00f4n m\u00e0 ba m\u1eb9 kh\u00f4ng th\u1ec3 b\u1ecf qua. S\u1ea3n ph\u1ea9m tuy\u1ec7t \u0111\u1ed1i an to\u00e0n v\u1edbi tr\u1ebb em\u00a0v\u00ec Y\u1ebfn S\u00e0o Fly \u0111\u01b0\u1ee3c \u0111\u00e1nh gi\u00e1 ph\u00f9 h\u1ee3p v\u1edbi c\u00e1c y\u00eau c\u1ea7u c\u1ee7a ti\u00eau chu\u1ea9n qu\u1ed1c t\u1ebf v\u1ec1 h\u1ec7 th\u1ed1ng qu\u1ea3n l\u00fd an to\u00e0n th\u1ef1c ph\u1ea9m theo HACCP cho l\u0129nh v\u1ef1c s\u01a1 ch\u1ebf v\u00e0 ch\u1ebf bi\u1ebfn y\u1ebfn s\u00e0o.<\/p>\n<p><b>Th\u00e0nh ph\u1ea7n:<\/b>\u00a0Nguy\u00ean li\u1ec7u (n\u01b0\u1edbc, y\u1ebfn s\u00e0o 20%, \u0111\u01b0\u1eddng ph\u00e8n, Calcium Lactate, Vitamin D3 15 mcg, Lysine, Fibruline), c\u00e1c ph\u1ee5 gia th\u1ef1c ph\u1ea9m (Ch\u1ea5t \u1ed5n \u0111\u1ecbnh: Gellan Gum (418), Agar (406), Sodium Alginate (401), Caramel IV (150d), h\u01b0\u01a1ng li\u1ec7u d\u00f9ng cho th\u1ef1c ph\u1ea9m).<\/p>\n<p><b>C\u00e1ch d\u00f9ng:<\/b>\u00a0L\u1eafc nh\u1eb9 tr\u01b0\u1edbc khi u\u1ed1ng, ngon h\u01a1n khi u\u1ed1ng l\u1ea1nh.<\/p>\n<p><b>B\u1ea3o qu\u1ea3n:<\/b>\u00a0B\u1ea3o qu\u1ea3n n\u01a1i kh\u00f4 r\u00e1o, tho\u00e1ng m\u00e1t, tr\u00e1nh \u00e1nh n\u1eafng tr\u1ef1c ti\u1ebfp.<\/p>\n<p><b>Th\u1ec3 t\u00edch th\u1ef1c:\u00a0<\/b>70ml\/l\u1ecd.<\/p>\n<p><b>Ch\u00fa \u00fd:<\/b><\/p>\n<ul>\n<li aria-level=\"1\">S\u1ea3n ph\u1ea9m d\u00e0nh cho tr\u1ebb em tr\u00ean 12 th\u00e1ng tu\u1ed5i.<\/li>\n<\/ul>\n<ul>\n<li aria-level=\"1\">Kh\u00f4ng s\u1eed d\u1ee5ng s\u1ea3n ph\u1ea9m qu\u00e1 h\u1ea1n s\u1eed d\u1ee5ng ho\u1eb7c bao b\u00ec b\u1ecb h\u1ecfng h\u00f3c. S\u1eed d\u1ee5ng trong v\u00f2ng 24 gi\u1edd t\u1eeb khi m\u1edf n\u1eafp.<\/li>\n<\/ul>","protected":false},"excerpt":{"rendered":"<p>Y\u1ebfn S\u00e0o Fly Super Kids\u00a0\u0111\u01b0\u1ee3c ch\u1ebf bi\u1ebfn theo ph\u01b0\u01a1ng ph\u00e1p c\u1ed5 truy\u1ec1n k\u1ebft h\u1ee3p v\u1edbi khoa h\u1ecdc c\u00f4ng ngh\u1ec7 ti\u00ean<\/p>","protected":false},"featured_media":12183,"comment_status":"open","ping_status":"closed","template":"","meta":{"_acf_changed":false},"product_cat":[325,329,331,366,367],"product_tag":[],"class_list":{"0":"post-12177","1":"product","2":"type-product","3":"status-publish","4":"has-post-thumbnail","6":"product_cat-san-pham-do-uong","7":"product_cat-do-uong-khong-con","8":"product_cat-do-uong-khong-con-do-uong-khong-con","9":"product_cat-hang-cnnt-cap-qg","10":"product_cat-hang-cnnt-cap-qg-2023","12":"first","13":"instock","14":"shipping-taxable","15":"purchasable","16":"product-type-variable"},"acf":[],"_links":{"self":[{"href":"https:\/\/fairs.vn\/en\/wp-json\/wp\/v2\/product\/12177","targetHints":{"allow":["GET"]}}],"collection":[{"href":"https:\/\/fairs.vn\/en\/wp-json\/wp\/v2\/product"}],"about":[{"href":"https:\/\/fairs.vn\/en\/wp-json\/wp\/v2\/types\/product"}],"replies":[{"embeddable":true,"href":"https:\/\/fairs.vn\/en\/wp-json\/wp\/v2\/comments?post=12177"}],"version-history":[{"count":0,"href":"https:\/\/fairs.vn\/en\/wp-json\/wp\/v2\/product\/12177\/revisions"}],"wp:featuredmedia":[{"embeddable":true,"href":"https:\/\/fairs.vn\/en\/wp-json\/wp\/v2\/media\/12183"}],"wp:attachment":[{"href":"https:\/\/fairs.vn\/en\/wp-json\/wp\/v2\/media?parent=12177"}],"wp:term":[{"taxonomy":"product_cat","embeddable":true,"href":"https:\/\/fairs.vn\/en\/wp-json\/wp\/v2\/product_cat?post=12177"},{"taxonomy":"product_tag","embeddable":true,"href":"https:\/\/fairs.vn\/en\/wp-json\/wp\/v2\/product_tag?post=12177"}],"curies":[{"name":"wp","href":"https:\/\/api.w.org\/{rel}","templated":true}]}}