{"id":281,"date":"2022-05-23T11:10:53","date_gmt":"2022-05-23T11:10:53","guid":{"rendered":"http:\/\/dummy.xtemos.com\/woodmart2\/megamarket-elementor\/?page_id=281"},"modified":"2024-04-04T17:28:50","modified_gmt":"2024-04-04T10:28:50","slug":"payment-and-delivery","status":"publish","type":"page","link":"https:\/\/fairs.vn\/en\/payment-and-delivery\/","title":{"rendered":"Payment and Delivery"},"content":{"rendered":"<div data-elementor-type=\"wp-page\" data-elementor-id=\"281\" class=\"elementor elementor-281\" data-elementor-post-type=\"page\">\n\t\t\t\t<div class=\"wd-negative-gap elementor-element elementor-element-0896253 e-flex e-con-boxed e-con e-parent\" data-id=\"0896253\" data-element_type=\"container\">\n\t\t\t\t\t<div class=\"e-con-inner\">\n\t\t\t\t<div class=\"elementor-element elementor-element-9c58ddf wd-width-100 elementor-widget elementor-widget-wd_title\" data-id=\"9c58ddf\" data-element_type=\"widget\" data-widget_type=\"wd_title.default\">\n\t\t\t\t<div class=\"elementor-widget-container\">\n\t\t\t\t\t<div class=\"title-wrapper set-mb-s reset-last-child wd-title-color-default wd-title-style-default wd-title-size-large text-left\">\n\n\t\t\t\n\t\t\t<div class=\"liner-continer\">\n\t\t\t\t<h4 class=\"woodmart-title-container title wd-fontsize-xxl\">Th\u00f4ng tin thanh to\u00e1n v\u00e0 giao h\u00e0ng<\/h4> \n\t\t\t\t\t\t\t<\/div>\n\n\t\t\t\t\t<\/div>\n\t\t\t\t<\/div>\n\t\t\t\t<\/div>\n\t\t<div class=\"elementor-element elementor-element-016b99e e-con-full e-flex e-con e-child\" data-id=\"016b99e\" data-element_type=\"container\">\n\t\t<div class=\"elementor-element elementor-element-46876db e-con-full e-flex e-con e-child\" data-id=\"46876db\" data-element_type=\"container\">\n\t\t\t\t<div class=\"elementor-element elementor-element-b2220fe wd-width-100 elementor-widget elementor-widget-wd_title\" data-id=\"b2220fe\" data-element_type=\"widget\" data-widget_type=\"wd_title.default\">\n\t\t\t\t<div class=\"elementor-widget-container\">\n\t\t\t\t\t<div class=\"title-wrapper set-mb-s reset-last-child wd-title-color-default wd-title-style-default wd-title-size-medium text-left\">\n\n\t\t\t\n\t\t\t<div class=\"liner-continer\">\n\t\t\t\t<h4 class=\"woodmart-title-container title wd-fontsize-xl\"><p>Khi b\u1ea1n \u0111\u1eb7t h\u00e0ng, Nh\u00e0 s\u1ea3n xu\u1ea5t s\u1ebd ch\u1ee7 \u0111\u1ed9ng li\u00ean h\u1ec7 v\u1edbi b\u1ea1n \u0111\u1ec3 ki\u1ec3m tra l\u1ea1i s\u1ed1 l\u01b0\u1ee3ng s\u1ea3n ph\u1ea9m v\u00e0 \u0111\u01a1n gi\u00e1, chi ph\u00ed v\u1eadn chuy\u1ec3n. B\u1ea1n v\u00e0 Nh\u00e0 s\u1ea3n xu\u1ea5t c\u00f3 th\u1ec3 trao \u0111\u1ed5i \u0111\u1ec3 l\u1ef1a ch\u1ecdn ph\u01b0\u01a1ng \u00e1n v\u1eadn chuy\u1ec3n v\u00e0 thanh to\u00e1n ph\u00f9 h\u1ee3p, thu\u1eadn ti\u1ebfn nh\u1ea5t cho c\u1ea3 hai b\u00ean.<\/p><\/h4> \n\t\t\t\t\t\t\t<\/div>\n\n\t\t\t\t\t<\/div>\n\t\t\t\t<\/div>\n\t\t\t\t<\/div>\n\t\t\t\t<\/div>\n\t\t\t\t<\/div>\n\t\t\t\t\t<\/div>\n\t\t\t\t<\/div>\n\t\t\t\t<\/div>","protected":false},"excerpt":{"rendered":"<p>Th\u00f4ng tin thanh to\u00e1n v\u00e0 giao h\u00e0ng Khi b\u1ea1n \u0111\u1eb7t h\u00e0ng, Nh\u00e0 s\u1ea3n xu\u1ea5t s\u1ebd ch\u1ee7 \u0111\u1ed9ng li\u00ean h\u1ec7 v\u1edbi<\/p>","protected":false},"author":1,"featured_media":0,"parent":0,"menu_order":0,"comment_status":"closed","ping_status":"closed","template":"","meta":{"_acf_changed":false,"footnotes":""},"class_list":["post-281","page","type-page","status-publish","hentry"],"acf":[],"_links":{"self":[{"href":"https:\/\/fairs.vn\/en\/wp-json\/wp\/v2\/pages\/281","targetHints":{"allow":["GET"]}}],"collection":[{"href":"https:\/\/fairs.vn\/en\/wp-json\/wp\/v2\/pages"}],"about":[{"href":"https:\/\/fairs.vn\/en\/wp-json\/wp\/v2\/types\/page"}],"author":[{"embeddable":true,"href":"https:\/\/fairs.vn\/en\/wp-json\/wp\/v2\/users\/1"}],"replies":[{"embeddable":true,"href":"https:\/\/fairs.vn\/en\/wp-json\/wp\/v2\/comments?post=281"}],"version-history":[{"count":0,"href":"https:\/\/fairs.vn\/en\/wp-json\/wp\/v2\/pages\/281\/revisions"}],"wp:attachment":[{"href":"https:\/\/fairs.vn\/en\/wp-json\/wp\/v2\/media?parent=281"}],"curies":[{"name":"wp","href":"https:\/\/api.w.org\/{rel}","templated":true}]}}